{"id":1183,"date":"2026-01-20T22:36:21","date_gmt":"2026-01-20T22:36:21","guid":{"rendered":"https:\/\/stephanedebove.net\/?page_id=1183"},"modified":"2026-01-20T23:46:54","modified_gmt":"2026-01-20T23:46:54","slug":"francais-livres","status":"publish","type":"page","link":"https:\/\/stephanedebove.net\/fr\/francais-livres\/","title":{"rendered":"Livres"},"content":{"rendered":"<p><\/p>\n<section>\n<h3>Pourquoi notre cerveau a invent\u00e9 le bien et le mal<\/h3>\n<p>  <a href=\"https:\/\/stephanedebove.net\/wp-content\/uploads\/2026\/01\/71twvmMWg-L._AC_CR0000_SX615_SY462_.jpg\"><br \/>\n    <img decoding=\"async\" src=\"https:\/\/stephanedebove.net\/wp-content\/uploads\/2026\/01\/71twvmMWg-L._AC_CR0000_SX615_SY462_.jpg\" class=\"alignright\" alt=\"\" width=\"200\" \/><br \/>\n  <\/a><\/p>\n<p>\n    \u00ab C\u2019est la seule chose morale \u00e0 faire. \u00bb D\u2019o\u00f9 viennent ces jugements moraux qui, de nombreuses fois par jour, contraignent nos comportements et nous poussent \u00e0 agir contre nos int\u00e9r\u00eats ? Serions-nous tous pr\u00e9dispos\u00e9s \u00e0 la naissance \u00e0 devenir des \u00eatres moraux, \u00e9quip\u00e9s d\u2019un \u00ab sens moral \u00bb ? Si oui, \u00e0 quoi aurait pu servir ce sens au cours de l\u2019\u00e9volution ? Et alors, comment expliquer que les jugements moraux varient tellement d\u2019une soci\u00e9t\u00e9 \u00e0 l\u2019autre et que l\u2019on observe encore tant de comportements immoraux autour de nous ? Et les animaux, sont-ils \u00ab moraux \u00bb eux aussi ?\n  <\/p>\n<p>\nGrand prix du livre sur le cerveau 2022 !<br \/>\n\u00c0 retrouver sur <a href=\"https:\/\/amzn.to\/4qHuvL6\">Amazon<\/a>.\n<\/p>\n<h3>\u00c0 qui profite (vraiment) la g\u00e9n\u00e9tique\u202f? Pourquoi la biologie du comportement humain ne condamne pas le progr\u00e8s social<\/h3>\n<p>  <img decoding=\"async\" src=\"https:\/\/stephanedebove.net\/wp-content\/uploads\/2026\/01\/61eKVSx4grL._AC_CR0000_SX615_SY462_.jpg\" class=\"alignright\" alt=\"\" width=\"200\" \/><\/p>\n<p>\n    Des recherches scientifiques pour d\u00e9couvrir des \u00ab g\u00e8nes de l\u2019intelligence \u00bb ou des \u00ab g\u00e8nes de l\u2019homosexualit\u00e9 \u00bb. La possibilit\u00e9 que l\u2019agressivit\u00e9 ou l\u2019infid\u00e9lit\u00e9 soient \u00ab g\u00e9n\u00e9tiques \u00bb, \u00ab dans la nature humaine \u00bb. Que l\u2019on puisse justifier ses mauvais comportements par un \u00ab c\u2019est pas ma faute, c\u2019est la faute \u00e0 mes g\u00e8nes \u00bb. Que les hommes et les femmes aient des cerveaux diff\u00e9rents. Que nos vies soient en partie d\u00e9termin\u00e9es par nos g\u00e8nes.\n  <\/p>\n<p>\n    Tout cela vous fait peur ?<br \/>\nMoi pas.<br \/>\nLaissez-moi vous expliquer pourquoi.\n  <\/p>\n<p>\nToutes les infos pour l\u2019acheter se trouvent sur <a href=\"https:\/\/evosapiens.net\/produit\/livre-papier-a-qui-profite-vraiment-la-genetique\/\">cette page<\/a>.\n<\/p>\n<h3>Atmosph\u00e8re et la cabane \u00e0 bonbons<\/h3>\n<p><a href=\"https:\/\/stephanedebove.net\/wp-content\/uploads\/2026\/01\/71rYNTBGIIL._AC_CR0000_SX615_SY462_.jpg\"><img decoding=\"async\" src=\"https:\/\/stephanedebove.net\/wp-content\/uploads\/2026\/01\/71rYNTBGIIL._AC_CR0000_SX615_SY462_.jpg\" class=\"alignright\" alt=\"\" width=\"200\" \/><\/a><\/p>\n<p>Un conte pour enfants&#8230; inspir\u00e9 de recherches scientifiques r\u00e9elles !<\/p>\n<p>Dans un champ de lavande, Atmosph\u00e8re d\u00e9couvre une myst\u00e9rieuse cabane. \u00c0 l\u2019int\u00e9rieur, un \u00e9cran distribuant des bonbons quand on interagit avec&#8230; Et si cet \u00e9cran pouvait am\u00e9liorer notre compr\u00e9hension de la cognition des babouins ?<\/p>\n<p>\u00c0 partir de 5 ans.\n<\/p>\n<p>\nToutes les infos pour l\u2019acheter (ou t\u00e9l\u00e9charger gratuitement sa version pdf !) se trouvent sur <a href=\"https:\/\/evosapiens.net\/produit\/livre-papier-atmosphere-et-la-cabane-a-bonbons\/\">cette page<\/a>.<\/p>\n<p><\/p>","protected":false},"excerpt":{"rendered":"<p>Pourquoi notre cerveau a invent\u00e9 le bien et le mal \u00ab C\u2019est la seule chose morale \u00e0 faire. \u00bb D\u2019o\u00f9 viennent ces jugements moraux qui, de nombreuses fois par jour, contraignent nos comportements et nous poussent \u00e0 agir contre nos int\u00e9r\u00eats ? Serions-nous tous pr\u00e9dispos\u00e9s \u00e0 la naissance \u00e0 devenir des \u00eatres moraux, \u00e9quip\u00e9s d\u2019un \u00ab sens moral \u00bb ? Si oui, \u00e0 quoi aurait pu servir ce sens au cours de l\u2019\u00e9volution ? Et alors, comment expliquer que les jugements moraux varient tellement d\u2019une soci\u00e9t\u00e9 \u00e0 l\u2019autre et que l\u2019on observe encore tant de comportements immoraux autour de nous ? Et les animaux, sont-ils \u00ab moraux \u00bb eux aussi ? Grand prix du livre sur le cerveau 2022 ! \u00c0 retrouver sur Amazon. \u00c0 qui profite (vraiment) la g\u00e9n\u00e9tique\u202f? Pourquoi la biologie du comportement humain ne condamne pas le progr\u00e8s social Des recherches scientifiques pour d\u00e9couvrir des \u00ab g\u00e8nes de l\u2019intelligence \u00bb ou des \u00ab g\u00e8nes de l\u2019homosexualit\u00e9 \u00bb. La possibilit\u00e9 que l\u2019agressivit\u00e9 ou l\u2019infid\u00e9lit\u00e9 soient \u00ab g\u00e9n\u00e9tiques \u00bb, \u00ab dans la nature humaine \u00bb. Que l\u2019on puisse justifier ses mauvais comportements par un \u00ab c\u2019est pas ma faute, c\u2019est la faute \u00e0 mes g\u00e8nes \u00bb. Que les hommes et les femmes aient des cerveaux diff\u00e9rents. Que nos vies soient en partie d\u00e9termin\u00e9es par nos g\u00e8nes. Tout cela vous fait peur ? Moi pas. Laissez-moi vous expliquer pourquoi. Toutes les infos pour l\u2019acheter se trouvent sur cette page. Atmosph\u00e8re et la cabane \u00e0 bonbons Un conte pour enfants&#8230; inspir\u00e9 de recherches scientifiques r\u00e9elles ! Dans un champ de lavande, Atmosph\u00e8re d\u00e9couvre une myst\u00e9rieuse cabane. \u00c0 l\u2019int\u00e9rieur, un \u00e9cran distribuant des bonbons quand on interagit avec&#8230; Et si cet \u00e9cran pouvait am\u00e9liorer notre compr\u00e9hension de la cognition des babouins ? \u00c0 partir de 5 ans. Toutes les infos pour l\u2019acheter (ou t\u00e9l\u00e9charger gratuitement sa version pdf !) se trouvent sur cette page.<\/p>\n","protected":false},"author":1,"featured_media":0,"parent":0,"menu_order":0,"comment_status":"closed","ping_status":"closed","template":"","meta":{"footnotes":""},"class_list":["post-1183","page","type-page","status-publish","hentry"],"aioseo_notices":[],"_links":{"self":[{"href":"https:\/\/stephanedebove.net\/fr\/wp-json\/wp\/v2\/pages\/1183","targetHints":{"allow":["GET"]}}],"collection":[{"href":"https:\/\/stephanedebove.net\/fr\/wp-json\/wp\/v2\/pages"}],"about":[{"href":"https:\/\/stephanedebove.net\/fr\/wp-json\/wp\/v2\/types\/page"}],"author":[{"embeddable":true,"href":"https:\/\/stephanedebove.net\/fr\/wp-json\/wp\/v2\/users\/1"}],"replies":[{"embeddable":true,"href":"https:\/\/stephanedebove.net\/fr\/wp-json\/wp\/v2\/comments?post=1183"}],"version-history":[{"count":6,"href":"https:\/\/stephanedebove.net\/fr\/wp-json\/wp\/v2\/pages\/1183\/revisions"}],"predecessor-version":[{"id":1193,"href":"https:\/\/stephanedebove.net\/fr\/wp-json\/wp\/v2\/pages\/1183\/revisions\/1193"}],"wp:attachment":[{"href":"https:\/\/stephanedebove.net\/fr\/wp-json\/wp\/v2\/media?parent=1183"}],"curies":[{"name":"wp","href":"https:\/\/api.w.org\/{rel}","templated":true}]}}