{"id":1194,"date":"2026-01-20T23:30:33","date_gmt":"2026-01-20T23:30:33","guid":{"rendered":"https:\/\/stephanedebove.net\/?page_id=1194"},"modified":"2026-01-21T00:27:18","modified_gmt":"2026-01-21T00:27:18","slug":"francais-recherche-en-classe","status":"publish","type":"page","link":"https:\/\/stephanedebove.net\/fr\/francais-recherche-en-classe\/","title":{"rendered":"Recherche en classe"},"content":{"rendered":"<p><a href=\"https:\/\/stephanedebove.net\/wp-content\/uploads\/2026\/01\/cropped-cropped-AFPER-1024x324-1.png\"><img decoding=\"async\" src=\"https:\/\/stephanedebove.net\/wp-content\/uploads\/2026\/01\/cropped-cropped-AFPER-1024x324-1.png\" alt=\"\" width=\"200\" class=\"alignleft size-full wp-image-1196\" srcset=\"https:\/\/stephanedebove.net\/wp-content\/uploads\/2026\/01\/cropped-cropped-AFPER-1024x324-1.png 1024w, https:\/\/stephanedebove.net\/wp-content\/uploads\/2026\/01\/cropped-cropped-AFPER-1024x324-1-600x190.png 600w, https:\/\/stephanedebove.net\/wp-content\/uploads\/2026\/01\/cropped-cropped-AFPER-1024x324-1-768x243.png 768w\" sizes=\"(max-width: 1024px) 100vw, 1024px\" \/><\/a><\/p>\n<p>Pour l\u2019Association Fran\u00e7aise pour l\u2019\u00c9ducation par la Recherche (<a href=\"https:\/\/savanturiers.afper.org\/\">AFPER<\/a>), je collabore avec des chercheurs et chercheuses pour cr\u00e9er des activit\u00e9s de recherche destin\u00e9es aux \u00e9l\u00e8ves, de la maternelle au lyc\u00e9e. L\u2019id\u00e9e est simple : sur une apr\u00e8s-midi, lors de la rentr\u00e9e des classes, transformer la classe en laboratoire et permettre aux jeunes de se confronter \u00e0 de vrais d\u00e9fis de recherche, inspir\u00e9s par le travail de scientifiques qui les mettent directement au d\u00e9fi dans une vid\u00e9o motivante.<\/p>\n<p>Chaque ann\u00e9e, nous proposons une s\u00e9rie de d\u00e9fis vari\u00e9s : explorer l\u2019atmosph\u00e8re des exoplan\u00e8tes, comprendre le go\u00fbt des aliments, estimer la qualit\u00e9 des sols, ou m\u00eame r\u00e9fl\u00e9chir \u00e0 la logistique d\u2019un colis sur la Lune. L\u2019objectif est que les \u00e9l\u00e8ves suivent toutes les \u00e9tapes de la recherche (\u00e9tat de l\u2019art, hypoth\u00e8se, protocole, analyse des r\u00e9sultats, communication&#8230;) en une apr\u00e8s-midi.<\/p>\n<p>En 2026, ce sont 66 000 \u00e9l\u00e8ves qui, de la maternelle au lyc\u00e9e, en France m\u00e9tropolitaine, dans les DROM-COM et dans la francophonie, ont particip\u00e9 \u00e0 ces activit\u00e9s !<\/p>\n<p>Cela fait suite \u00e0 des activit\u00e9s de recherche que j\u2019allais faire moi-m\u00eame dans des \u00e9coles lors de ma th\u00e8se, dans le cadre du programme Savanturiers, d\u00e9j\u00e0 \u00e0 l\u2019AFPER. Un projet sur lequel vous pouvez en apprendre plus <a href=\"https:\/\/stephanedebove.net\/popularization\/les-savanturiers-research-activities-with-9-10-years-old-kids\/\">ici <\/a>!<\/p>\n<p><\/p>","protected":false},"excerpt":{"rendered":"<p>Pour l\u2019Association Fran\u00e7aise pour l\u2019\u00c9ducation par la Recherche (AFPER), je collabore avec des chercheurs et chercheuses pour cr\u00e9er des activit\u00e9s de recherche destin\u00e9es aux \u00e9l\u00e8ves, de la maternelle au lyc\u00e9e. L\u2019id\u00e9e est simple : sur une apr\u00e8s-midi, lors de la rentr\u00e9e des classes, transformer la classe en laboratoire et permettre aux jeunes de se confronter \u00e0 de vrais d\u00e9fis de recherche, inspir\u00e9s par le travail de scientifiques qui les mettent directement au d\u00e9fi dans une vid\u00e9o motivante. Chaque ann\u00e9e, nous proposons une s\u00e9rie de d\u00e9fis vari\u00e9s : explorer l\u2019atmosph\u00e8re des exoplan\u00e8tes, comprendre le go\u00fbt des aliments, estimer la qualit\u00e9 des sols, ou m\u00eame r\u00e9fl\u00e9chir \u00e0 la logistique d\u2019un colis sur la Lune. L\u2019objectif est que les \u00e9l\u00e8ves suivent toutes les \u00e9tapes de la recherche (\u00e9tat de l\u2019art, hypoth\u00e8se, protocole, analyse des r\u00e9sultats, communication&#8230;) en une apr\u00e8s-midi. En 2026, ce sont 66 000 \u00e9l\u00e8ves qui, de la maternelle au lyc\u00e9e, en France m\u00e9tropolitaine, dans les DROM-COM et dans la francophonie, ont particip\u00e9 \u00e0 ces activit\u00e9s ! Cela fait suite \u00e0 des activit\u00e9s de recherche que j\u2019allais faire moi-m\u00eame dans des \u00e9coles lors de ma th\u00e8se, dans le cadre du programme Savanturiers, d\u00e9j\u00e0 \u00e0 l\u2019AFPER. Un projet sur lequel vous pouvez en apprendre plus ici !<\/p>\n","protected":false},"author":1,"featured_media":0,"parent":0,"menu_order":0,"comment_status":"closed","ping_status":"closed","template":"","meta":{"footnotes":""},"class_list":["post-1194","page","type-page","status-publish","hentry"],"aioseo_notices":[],"_links":{"self":[{"href":"https:\/\/stephanedebove.net\/fr\/wp-json\/wp\/v2\/pages\/1194","targetHints":{"allow":["GET"]}}],"collection":[{"href":"https:\/\/stephanedebove.net\/fr\/wp-json\/wp\/v2\/pages"}],"about":[{"href":"https:\/\/stephanedebove.net\/fr\/wp-json\/wp\/v2\/types\/page"}],"author":[{"embeddable":true,"href":"https:\/\/stephanedebove.net\/fr\/wp-json\/wp\/v2\/users\/1"}],"replies":[{"embeddable":true,"href":"https:\/\/stephanedebove.net\/fr\/wp-json\/wp\/v2\/comments?post=1194"}],"version-history":[{"count":5,"href":"https:\/\/stephanedebove.net\/fr\/wp-json\/wp\/v2\/pages\/1194\/revisions"}],"predecessor-version":[{"id":1216,"href":"https:\/\/stephanedebove.net\/fr\/wp-json\/wp\/v2\/pages\/1194\/revisions\/1216"}],"wp:attachment":[{"href":"https:\/\/stephanedebove.net\/fr\/wp-json\/wp\/v2\/media?parent=1194"}],"curies":[{"name":"wp","href":"https:\/\/api.w.org\/{rel}","templated":true}]}}