{"id":1202,"date":"2026-01-20T23:36:34","date_gmt":"2026-01-20T23:36:34","guid":{"rendered":"https:\/\/stephanedebove.net\/?page_id=1202"},"modified":"2026-01-20T23:46:55","modified_gmt":"2026-01-20T23:46:55","slug":"conferences","status":"publish","type":"page","link":"https:\/\/stephanedebove.net\/fr\/conferences\/","title":{"rendered":"Conf\u00e9rences"},"content":{"rendered":"<p><\/p>\n<p>Je donne tr\u00e8s peu de conf\u00e9rences car je trouve que ce n\u2019est pas un format tr\u00e8s adapt\u00e9 \u00e0 la vulgarisation de mes sujets de recherche. Mais j\u2019en ai quand m\u00eame donn\u00e9 une pour la pr\u00e9sentation de <a href=\"https:\/\/stephanedebove.net\/popularization\/francais-livres\/\" title=\"Livres\">mon premier livre<\/a>, que vous pouvez retrouver ici :<\/p>\n<p><iframe loading=\"lazy\" width=\"560\" height=\"315\" src=\"https:\/\/www.youtube.com\/embed\/0OYEf2p0NO4\" \ntitle=\"YouTube video player\" frameborder=\"0\" allowfullscreen><\/iframe><\/p>","protected":false},"excerpt":{"rendered":"<p>Je donne tr\u00e8s peu de conf\u00e9rences car je trouve que ce n\u2019est pas un format tr\u00e8s adapt\u00e9 \u00e0 la vulgarisation de mes sujets de recherche. Mais j\u2019en ai quand m\u00eame donn\u00e9 une pour la pr\u00e9sentation de mon premier livre, que vous pouvez retrouver ici :<\/p>\n","protected":false},"author":1,"featured_media":0,"parent":0,"menu_order":0,"comment_status":"closed","ping_status":"closed","template":"","meta":{"footnotes":""},"class_list":["post-1202","page","type-page","status-publish","hentry"],"aioseo_notices":[],"_links":{"self":[{"href":"https:\/\/stephanedebove.net\/fr\/wp-json\/wp\/v2\/pages\/1202","targetHints":{"allow":["GET"]}}],"collection":[{"href":"https:\/\/stephanedebove.net\/fr\/wp-json\/wp\/v2\/pages"}],"about":[{"href":"https:\/\/stephanedebove.net\/fr\/wp-json\/wp\/v2\/types\/page"}],"author":[{"embeddable":true,"href":"https:\/\/stephanedebove.net\/fr\/wp-json\/wp\/v2\/users\/1"}],"replies":[{"embeddable":true,"href":"https:\/\/stephanedebove.net\/fr\/wp-json\/wp\/v2\/comments?post=1202"}],"version-history":[{"count":5,"href":"https:\/\/stephanedebove.net\/fr\/wp-json\/wp\/v2\/pages\/1202\/revisions"}],"predecessor-version":[{"id":1207,"href":"https:\/\/stephanedebove.net\/fr\/wp-json\/wp\/v2\/pages\/1202\/revisions\/1207"}],"wp:attachment":[{"href":"https:\/\/stephanedebove.net\/fr\/wp-json\/wp\/v2\/media?parent=1202"}],"curies":[{"name":"wp","href":"https:\/\/api.w.org\/{rel}","templated":true}]}}