{"id":1231,"date":"2026-01-21T10:27:57","date_gmt":"2026-01-21T10:27:57","guid":{"rendered":"https:\/\/stephanedebove.net\/?page_id=1231"},"modified":"2026-01-21T10:40:01","modified_gmt":"2026-01-21T10:40:01","slug":"guru-fabulus","status":"publish","type":"page","link":"https:\/\/stephanedebove.net\/fr\/guru-fabulus\/","title":{"rendered":"Gourou Fabulus"},"content":{"rendered":"<p>Gourou Fabulus est le chatbot num\u00e9ro 1 sur la psycho \u00e9vo en France !<\/p>\n<p>Posez lui une question sur la psychologie \u00e9volutionnaire, il y r\u00e9pondra du mieux qu\u2019il peut (mais uniquement \u00e0 partir des scripts de toutes mes vid\u00e9os que je lui ai fournis).<\/p>\n<p>C\u2019est un exemple de ce qu\u2019on appelle une \u00ab application RAG \u00bb utilisant llamaindex pour interroger des documents.<\/p>\n<p>Testez ici : <a href=\"https:\/\/gouroufabulus.streamlit.app\/\">https:\/\/gouroufabulus.streamlit.app\/<\/a><\/p>\n<p>Vid\u00e9o expliquant le principe et comment coder \u00e7a facilement en quelques lignes de code : <\/p>\n<p><iframe loading=\"lazy\" title=\"Ma transformation en gourou [tuto chatbot llamaindex et streamlit]\" width=\"960\" height=\"540\" src=\"https:\/\/www.youtube.com\/embed\/tlqjd9TTHXE?feature=oembed\" frameborder=\"0\" allow=\"accelerometer; autoplay; clipboard-write; encrypted-media; gyroscope; picture-in-picture; web-share\" referrerpolicy=\"strict-origin-when-cross-origin\" allowfullscreen><\/iframe><\/p>\n<p>Code dispo <a href=\"https:\/\/github.com\/stephanedebove\/gouroufabulus\">sur github<\/a>.<\/p>\n<p><\/p>","protected":false},"excerpt":{"rendered":"<p>Gourou Fabulus est le chatbot num\u00e9ro 1 sur la psycho \u00e9vo en France ! Posez lui une question sur la psychologie \u00e9volutionnaire, il y r\u00e9pondra du mieux qu\u2019il peut (mais uniquement \u00e0 partir des scripts de toutes mes vid\u00e9os que je lui ai fournis). C\u2019est un exemple de ce qu\u2019on appelle une \u00ab application RAG \u00bb utilisant llamaindex pour interroger des documents. Testez ici : https:\/\/gouroufabulus.streamlit.app\/ Vid\u00e9o expliquant le principe et comment coder \u00e7a facilement en quelques lignes de code : Code dispo sur github.<\/p>\n","protected":false},"author":1,"featured_media":0,"parent":0,"menu_order":0,"comment_status":"closed","ping_status":"closed","template":"","meta":{"footnotes":""},"class_list":["post-1231","page","type-page","status-publish","hentry"],"aioseo_notices":[],"_links":{"self":[{"href":"https:\/\/stephanedebove.net\/fr\/wp-json\/wp\/v2\/pages\/1231","targetHints":{"allow":["GET"]}}],"collection":[{"href":"https:\/\/stephanedebove.net\/fr\/wp-json\/wp\/v2\/pages"}],"about":[{"href":"https:\/\/stephanedebove.net\/fr\/wp-json\/wp\/v2\/types\/page"}],"author":[{"embeddable":true,"href":"https:\/\/stephanedebove.net\/fr\/wp-json\/wp\/v2\/users\/1"}],"replies":[{"embeddable":true,"href":"https:\/\/stephanedebove.net\/fr\/wp-json\/wp\/v2\/comments?post=1231"}],"version-history":[{"count":3,"href":"https:\/\/stephanedebove.net\/fr\/wp-json\/wp\/v2\/pages\/1231\/revisions"}],"predecessor-version":[{"id":1241,"href":"https:\/\/stephanedebove.net\/fr\/wp-json\/wp\/v2\/pages\/1231\/revisions\/1241"}],"wp:attachment":[{"href":"https:\/\/stephanedebove.net\/fr\/wp-json\/wp\/v2\/media?parent=1231"}],"curies":[{"name":"wp","href":"https:\/\/api.w.org\/{rel}","templated":true}]}}