{"id":1237,"date":"2026-01-21T10:36:04","date_gmt":"2026-01-21T10:36:04","guid":{"rendered":"https:\/\/stephanedebove.net\/?page_id=1237"},"modified":"2026-01-21T10:38:17","modified_gmt":"2026-01-21T10:38:17","slug":"condorcet-voting","status":"publish","type":"page","link":"https:\/\/stephanedebove.net\/fr\/condorcet-voting\/","title":{"rendered":"Vote Condorcet"},"content":{"rendered":"<p>Application web d\u00e9velopp\u00e9e pour impl\u00e9menter facilement un <strong>vote de Condorcet<\/strong> (dont je me suis servi pour faire choisir \u00e0 mes abonn\u00e9s mon nouveau nom de cha\u00eene, lors de la transition Homo Fabulus -> EvoSapiens). L\u2019utilisateur \u00e9value chaque candidat sur une \u00e9chelle de 0 \u00e0 100, ce qui permet de capturer des pr\u00e9f\u00e9rences fines plut\u00f4t qu\u2019un simple choix binaire.<\/p>\n<p>\u00c0 partir de ces \u00e9valuations, l\u2019application reconstitue des duels entre tous les candidats et identifie celui qui gagnerait face \u00e0 tous les autres en confrontation directe : le <strong>vainqueur de Condorcet<\/strong>. Lorsque ce vainqueur n\u2019existe pas (\u00e0 cause de cycles ou d\u2019\u00e9galit\u00e9s), l\u2019outil calcule une solution \u00e9quitable sous la forme d\u2019une <strong>loterie de Condorcet<\/strong>, qui attribue une probabilit\u00e9 de victoire \u00e0 chaque candidat en fonction des pr\u00e9f\u00e9rences collectives.<\/p>\n<p>Les r\u00e9sultats sont automatiquement enregistr\u00e9s dans une feuille Google Sheets, ce qui permet d\u2019analyser les votes, de suivre leur \u00e9volution et d\u2019exploiter les donn\u00e9es facilement. <\/p>\n<p>Le projet sert \u00e0 la fois d\u2019outil pratique pour prendre des d\u00e9cisions collectives et de d\u00e9monstration p\u00e9dagogique des m\u00e9thodes de vote issues de la th\u00e9orie du choix social.<\/p>\n<p>\u00c0 retrouver <a href=\"https:\/\/github.com\/stephanedebove\/condorcet_vote\">sur github<\/a>.<\/p>","protected":false},"excerpt":{"rendered":"<p>Application web d\u00e9velopp\u00e9e pour impl\u00e9menter facilement un vote de Condorcet (dont je me suis servi pour faire choisir \u00e0 mes abonn\u00e9s mon nouveau nom de cha\u00eene, lors de la transition Homo Fabulus -> EvoSapiens). L\u2019utilisateur \u00e9value chaque candidat sur une \u00e9chelle de 0 \u00e0 100, ce qui permet de capturer des pr\u00e9f\u00e9rences fines plut\u00f4t qu\u2019un simple choix binaire. \u00c0 partir de ces \u00e9valuations, l\u2019application reconstitue des duels entre tous les candidats et identifie celui qui gagnerait face \u00e0 tous les autres en confrontation directe : le vainqueur de Condorcet. Lorsque ce vainqueur n\u2019existe pas (\u00e0 cause de cycles ou d\u2019\u00e9galit\u00e9s), l\u2019outil calcule une solution \u00e9quitable sous la forme d\u2019une loterie de Condorcet, qui attribue une probabilit\u00e9 de victoire \u00e0 chaque candidat en fonction des pr\u00e9f\u00e9rences collectives. Les r\u00e9sultats sont automatiquement enregistr\u00e9s dans une feuille Google Sheets, ce qui permet d\u2019analyser les votes, de suivre leur \u00e9volution et d\u2019exploiter les donn\u00e9es facilement. Le projet sert \u00e0 la fois d\u2019outil pratique pour prendre des d\u00e9cisions collectives et de d\u00e9monstration p\u00e9dagogique des m\u00e9thodes de vote issues de la th\u00e9orie du choix social. \u00c0 retrouver sur github.<\/p>\n","protected":false},"author":1,"featured_media":0,"parent":0,"menu_order":0,"comment_status":"closed","ping_status":"closed","template":"","meta":{"footnotes":""},"class_list":["post-1237","page","type-page","status-publish","hentry"],"aioseo_notices":[],"_links":{"self":[{"href":"https:\/\/stephanedebove.net\/fr\/wp-json\/wp\/v2\/pages\/1237","targetHints":{"allow":["GET"]}}],"collection":[{"href":"https:\/\/stephanedebove.net\/fr\/wp-json\/wp\/v2\/pages"}],"about":[{"href":"https:\/\/stephanedebove.net\/fr\/wp-json\/wp\/v2\/types\/page"}],"author":[{"embeddable":true,"href":"https:\/\/stephanedebove.net\/fr\/wp-json\/wp\/v2\/users\/1"}],"replies":[{"embeddable":true,"href":"https:\/\/stephanedebove.net\/fr\/wp-json\/wp\/v2\/comments?post=1237"}],"version-history":[{"count":2,"href":"https:\/\/stephanedebove.net\/fr\/wp-json\/wp\/v2\/pages\/1237\/revisions"}],"predecessor-version":[{"id":1240,"href":"https:\/\/stephanedebove.net\/fr\/wp-json\/wp\/v2\/pages\/1237\/revisions\/1240"}],"wp:attachment":[{"href":"https:\/\/stephanedebove.net\/fr\/wp-json\/wp\/v2\/media?parent=1237"}],"curies":[{"name":"wp","href":"https:\/\/api.w.org\/{rel}","templated":true}]}}