{"id":1286,"date":"2026-02-24T21:24:03","date_gmt":"2026-02-24T21:24:03","guid":{"rendered":"https:\/\/stephanedebove.net\/?page_id=1286"},"modified":"2026-02-24T22:34:16","modified_gmt":"2026-02-24T22:34:16","slug":"francais-annuaire-de-la-vulgarisation-scientifique-sur-youtube","status":"publish","type":"page","link":"https:\/\/stephanedebove.net\/fr\/francais-annuaire-de-la-vulgarisation-scientifique-sur-youtube\/","title":{"rendered":"Annuaire de la vulgarisation scientifique sur YouTube"},"content":{"rendered":"<p>En 2018, j\u2019ai commenc\u00e9 \u00e0 \u00e9tablir une liste de cha\u00eenes YouTube de vulgarisation scientifique francophones, en agr\u00e9geant diff\u00e9rentes sources existantes, puis en permettant \u00e0 chacun de s\u2019y inscrire. Elle regroupe aujourd\u2019hui plusieurs milliers de cha\u00eenes couvrant la science, l\u2019\u00e9ducation et, plus largement, la culture. Elle a notamment servi \u00e0 produire <a title=\"Analyse de YouTube\" href=\"https:\/\/stephanedebove.net\/blog\/2026\/01\/21\/youtube-analysis\/\">cette publication scientifique<\/a>. Sur la base de cette liste large j\u2019ai \u00e9galement cr\u00e9\u00e9 une liste \u00ab tri\u00e9e \u00bb qui correspond mieux \u00e0 l\u2019image qu\u2019on se fait g\u00e9n\u00e9ralement de la vulgarisation (mais qui est n\u00e9cessairement subjective, voir plus bas).<\/p>\n<p>Derni\u00e8re mise \u00e0 jour des donn\u00e9es : 24-02-2026.<\/p>\n<p>Inscrire une cha\u00eene n\u2019y \u00e9tant pas : <a title=\"Ajouter une cha\u00eene \u00e0 l\u2019annuaire de la vulgarisation scientifique sur YouTube\" href=\"https:\/\/stephanedebove.net\/francais-ajouter-une-chaine-a-lannuaire-de-la-vulgarisation-scientifique-sur-youtube\/\">Inscription<\/a>.<br \/>\nT\u00e9l\u00e9charger en : <a href=\"https:\/\/docs.google.com\/spreadsheets\/d\/e\/2PACX-1vT_LTA7vbACED0LiwvwedBmL93SdNHfzKR4ciPp38SXjoneYZ54DUQLTpV9T_vKPTMcuIeuNGKDv2_y\/pub?gid=0&amp;single=true&amp;output=tsv\">TSV<\/a> | <a href=\"https:\/\/docs.google.com\/spreadsheets\/d\/e\/2PACX-1vT_LTA7vbACED0LiwvwedBmL93SdNHfzKR4ciPp38SXjoneYZ54DUQLTpV9T_vKPTMcuIeuNGKDv2_y\/pub?gid=0&amp;single=true&amp;output=pdf\">PDF<\/a><br \/>\nConsulter directement sur google calc : <a href=\"https:\/\/docs.google.com\/spreadsheets\/d\/1r7R08GUZd-ebXl-GfnvVFrVU5u4sV-05oRZHAQd9Qg8\/edit?gid=0#gid=0\">https:\/\/docs.google.com\/spreadsheets\/d\/1r7R08GUZd-ebXl-GfnvVFrVU5u4sV-05oRZHAQd9Qg8\/edit?gid=0#gid=0<\/a><\/p>\n<p><iframe style=\"width: 100%; height: 600px; border: 0;\" src=\"https:\/\/docs.google.com\/spreadsheets\/d\/e\/2PACX-1vT_LTA7vbACED0LiwvwedBmL93SdNHfzKR4ciPp38SXjoneYZ54DUQLTpV9T_vKPTMcuIeuNGKDv2_y\/pubhtml?widget=true&amp;headers=false\"><\/iframe><\/p>\n<h3 data-start=\"561\" data-end=\"598\">Origine et agr\u00e9gation des donn\u00e9es<\/h3>\n<p data-start=\"600\" data-end=\"646\">Pour la liste brute, les donn\u00e9es initiales proviennent de plusieurs sources :<\/p>\n<ul>\n<li><span>vid\u00e9astes de l\u2019association Caf\u00e9 des sciences<\/span><\/li>\n<li><span>\u00a0vid\u00e9astes partag\u00e9s par la vid\u00e9oth\u00e8que d\u2019alexandrie depuis 4 ans <\/span><\/li>\n<li><span>vid\u00e9astes des Internettes <\/span><span>dans les cat\u00e9gories Litt\/Culture\/Art\/Science\/Histoire Cin\u00e9ma\/Culture\/Droit\/Politique\/Soci\u00e9t\u00e9\/Science <\/span><\/li>\n<li><span>vid\u00e9astes de M\u00e9diapason (pour la musique)<\/span><\/li>\n<li>\n<p>vid\u00e9os de Yex.TV dans les cat\u00e9gories Science, \u00c9ducation et Culture<\/p>\n<\/li>\n<\/ul>\n<p>\u00c0 ces agr\u00e9gations initiales se sont ajout\u00e9es des ajouts manuels d\u2019internautes divers.<\/p>\n<p>Sur la base de cette liste \u00ab large \u00bb, j\u2019ai manuellement construit une liste \u00ab tri\u00e9e \u00bb plus restreinte, n\u00e9cessairement subjective car il n\u2019existe pas de d\u00e9finition officielle de ce qu\u2019est une cha\u00eene de \u00ab vulgarisation \u00bb, ni une cha\u00eene \u00ab scientifique \u00bb. Je n&rsquo;y ai g\u00e9n\u00e9ralement pas gard\u00e9 les critiques de cin\u00e9ma, critiques de livres, critiques de jeux vid\u00e9os, cha\u00eenes de tutos, les vid\u00e9os \u00ab\u00a0apprendre une langue\u00a0\u00bb, \u00ab\u00a0apprendre un instrument de musique\u00a0\u00bb, les vid\u00e9os de cours, de conf\u00e9rences&#8230;<\/p>\n<p>Attention, je n&rsquo;ai pas tri\u00e9 ces cha\u00eenes sur leur qualit\u00e9 (et il y en a beaucoup que je n&rsquo;ai jamais regard\u00e9). Visionnez avec esprit critique.<\/span><\/p>\n<p>Servez-vous de cette liste comme vous voulez en mettant un lien vers cette page.<\/p>\n<h3>Quelques graphes rapido<\/h3>\n<p>Ann\u00e9e de cr\u00e9ation des cha\u00eenes : l&rsquo;\u00e2ge d&rsquo;or de la vulgarisation est-il d\u00e9j\u00e0 pass\u00e9 ?<\/p>\n<p><a href=\"https:\/\/stephanedebove.net\/wp-content\/uploads\/2018\/09\/DndejKLWwAAfxAE.jpg\"><img loading=\"lazy\" decoding=\"async\" class=\"aligncenter size-full wp-image-1247\" src=\"https:\/\/stephanedebove.net\/wp-content\/uploads\/2018\/09\/DndejKLWwAAfxAE.jpg\" alt=\"\" width=\"680\" height=\"437\" srcset=\"https:\/\/stephanedebove.net\/wp-content\/uploads\/2018\/09\/DndejKLWwAAfxAE.jpg 680w, https:\/\/stephanedebove.net\/wp-content\/uploads\/2018\/09\/DndejKLWwAAfxAE-600x386.jpg 600w\" sizes=\"auto, (max-width: 680px) 100vw, 680px\" \/><\/a><\/p>\n<div>\n<div>Fit d&rsquo;une loi de Zipf : pas trop mauvais pour les plus grosses cha\u00eenes. En gros, si vous \u00eates le 93e plus gros vid\u00e9aste en termes d&rsquo;abonn\u00e9s, vous avez \u00e0 peu pr\u00e8s le nombre d&rsquo;abonn\u00e9s du 1er<\/span><span> divis\u00e9 par 93. Plus d&rsquo;infos sur la loi de Zipf ici <\/span><a dir=\"ltr\" role=\"link\" href=\"https:\/\/t.co\/xdOY5FsR2l\" target=\"_blank\" rel=\"noopener noreferrer nofollow\"><span aria-hidden=\"true\">https:\/\/<\/span>sciencetonnante.wordpress.com\/2012\/07\/30\/pause-estivale-avenir-transatlantique-et-loi-de-zipf\/<\/span><\/a><\/div>\n<\/div>\n<div dir=\"auto\" lang=\"fr\" data-testid=\"tweetText\"><a href=\"https:\/\/stephanedebove.net\/wp-content\/uploads\/2018\/09\/DndeyP-XcAAwUPQ.jpg\"><img loading=\"lazy\" decoding=\"async\" class=\"aligncenter size-full wp-image-1248\" src=\"https:\/\/stephanedebove.net\/wp-content\/uploads\/2018\/09\/DndeyP-XcAAwUPQ.jpg\" alt=\"\" width=\"680\" height=\"437\" srcset=\"https:\/\/stephanedebove.net\/wp-content\/uploads\/2018\/09\/DndeyP-XcAAwUPQ.jpg 680w, https:\/\/stephanedebove.net\/wp-content\/uploads\/2018\/09\/DndeyP-XcAAwUPQ-600x386.jpg 600w\" sizes=\"auto, (max-width: 680px) 100vw, 680px\" \/><\/a><\/div>\n<div >Quelques r\u00e9gressions :<\/div>\n<\/div>\n<div><a href=\"https:\/\/stephanedebove.net\/wp-content\/uploads\/2018\/09\/Dnde8UBXgAA7txu.jpg\"><img loading=\"lazy\" decoding=\"async\" class=\"aligncenter size-full wp-image-1249\" src=\"https:\/\/stephanedebove.net\/wp-content\/uploads\/2018\/09\/Dnde8UBXgAA7txu.jpg\" alt=\"\" width=\"680\" height=\"437\" srcset=\"https:\/\/stephanedebove.net\/wp-content\/uploads\/2018\/09\/Dnde8UBXgAA7txu.jpg 680w, https:\/\/stephanedebove.net\/wp-content\/uploads\/2018\/09\/Dnde8UBXgAA7txu-600x386.jpg 600w\" sizes=\"auto, (max-width: 680px) 100vw, 680px\" \/><\/a><\/div>\n<div><a href=\"https:\/\/stephanedebove.net\/wp-content\/uploads\/2018\/09\/DndfBSUWsAY6wRI.jpg\"><img loading=\"lazy\" decoding=\"async\" class=\"aligncenter size-full wp-image-1250\" src=\"https:\/\/stephanedebove.net\/wp-content\/uploads\/2018\/09\/DndfBSUWsAY6wRI.jpg\" alt=\"\" width=\"680\" height=\"437\" srcset=\"https:\/\/stephanedebove.net\/wp-content\/uploads\/2018\/09\/DndfBSUWsAY6wRI.jpg 680w, https:\/\/stephanedebove.net\/wp-content\/uploads\/2018\/09\/DndfBSUWsAY6wRI-600x386.jpg 600w\" sizes=\"auto, (max-width: 680px) 100vw, 680px\" \/><\/a><\/div>\n<div>Pour plein d\u2019autres jolis graphes et analyses de Youtube <a href=\"https:\/\/stephanedebove.net\/fr\/blog\/category\/youtube\/\">cliquez-l\u00e0<\/a>.<\/div>\n<p><\/p>","protected":false},"excerpt":{"rendered":"<p>En 2018, j\u2019ai commenc\u00e9 \u00e0 \u00e9tablir une liste de cha\u00eenes YouTube de vulgarisation scientifique francophones, en agr\u00e9geant diff\u00e9rentes sources existantes, puis en permettant \u00e0 chacun de s\u2019y inscrire. Elle regroupe aujourd\u2019hui plusieurs milliers de cha\u00eenes couvrant la science, l\u2019\u00e9ducation et, plus largement, la culture. Elle a notamment servi \u00e0 produire cette publication scientifique. Sur la base de cette liste large j\u2019ai \u00e9galement cr\u00e9\u00e9 une liste \u00ab tri\u00e9e \u00bb qui correspond mieux \u00e0 l\u2019image qu\u2019on se fait g\u00e9n\u00e9ralement de la vulgarisation (mais qui est n\u00e9cessairement subjective, voir plus bas). Derni\u00e8re mise \u00e0 jour des donn\u00e9es : 24-02-2026. Inscrire une cha\u00eene n\u2019y \u00e9tant pas : Inscription. T\u00e9l\u00e9charger en : TSV | PDF Consulter directement sur google calc : https:\/\/docs.google.com\/spreadsheets\/d\/1r7R08GUZd-ebXl-GfnvVFrVU5u4sV-05oRZHAQd9Qg8\/edit?gid=0#gid=0 Origine et agr\u00e9gation des donn\u00e9es Pour la liste brute, les donn\u00e9es initiales proviennent de plusieurs sources : vid\u00e9astes de l\u2019association Caf\u00e9 des sciences \u00a0vid\u00e9astes partag\u00e9s par la vid\u00e9oth\u00e8que d\u2019alexandrie depuis 4 ans vid\u00e9astes des Internettes dans les cat\u00e9gories Litt\/Culture\/Art\/Science\/Histoire Cin\u00e9ma\/Culture\/Droit\/Politique\/Soci\u00e9t\u00e9\/Science vid\u00e9astes de M\u00e9diapason (pour la musique) vid\u00e9os de Yex.TV dans les cat\u00e9gories Science, \u00c9ducation et Culture \u00c0 ces agr\u00e9gations initiales se sont ajout\u00e9es des ajouts manuels d\u2019internautes divers. Sur la base de cette liste \u00ab large \u00bb, j\u2019ai manuellement construit une liste \u00ab tri\u00e9e \u00bb plus restreinte, n\u00e9cessairement subjective car il n\u2019existe pas de d\u00e9finition officielle de ce qu\u2019est une cha\u00eene de \u00ab vulgarisation \u00bb, ni une cha\u00eene \u00ab scientifique \u00bb. Je n&rsquo;y ai g\u00e9n\u00e9ralement pas gard\u00e9 les critiques de cin\u00e9ma, critiques de livres, critiques de jeux vid\u00e9os, cha\u00eenes de tutos, les vid\u00e9os \u00ab\u00a0apprendre une langue\u00a0\u00bb, \u00ab\u00a0apprendre un instrument de musique\u00a0\u00bb, les vid\u00e9os de cours, de conf\u00e9rences&#8230; Attention, je n&rsquo;ai pas tri\u00e9 ces cha\u00eenes sur leur qualit\u00e9 (et il y en a beaucoup que je n&rsquo;ai jamais regard\u00e9). Visionnez avec esprit critique. Servez-vous de cette liste comme vous voulez en mettant un lien vers cette page. Quelques graphes rapido Ann\u00e9e de cr\u00e9ation des cha\u00eenes : l&rsquo;\u00e2ge d&rsquo;or de la vulgarisation est-il d\u00e9j\u00e0 pass\u00e9 ? Fit d&rsquo;une loi de Zipf : pas trop mauvais pour les plus grosses cha\u00eenes. En gros, si vous \u00eates le 93e plus gros vid\u00e9aste en termes d&rsquo;abonn\u00e9s, vous avez \u00e0 peu pr\u00e8s le nombre d&rsquo;abonn\u00e9s du 1er divis\u00e9 par 93. Plus d&rsquo;infos sur la loi de Zipf ici https:\/\/sciencetonnante.wordpress.com\/2012\/07\/30\/pause-estivale-avenir-transatlantique-et-loi-de-zipf\/ Quelques r\u00e9gressions : Pour plein d\u2019autres jolis graphes et analyses de Youtube cliquez-l\u00e0.<\/p>\n","protected":false},"author":1,"featured_media":0,"parent":0,"menu_order":0,"comment_status":"closed","ping_status":"closed","template":"","meta":{"footnotes":""},"class_list":["post-1286","page","type-page","status-publish","hentry"],"aioseo_notices":[],"_links":{"self":[{"href":"https:\/\/stephanedebove.net\/fr\/wp-json\/wp\/v2\/pages\/1286","targetHints":{"allow":["GET"]}}],"collection":[{"href":"https:\/\/stephanedebove.net\/fr\/wp-json\/wp\/v2\/pages"}],"about":[{"href":"https:\/\/stephanedebove.net\/fr\/wp-json\/wp\/v2\/types\/page"}],"author":[{"embeddable":true,"href":"https:\/\/stephanedebove.net\/fr\/wp-json\/wp\/v2\/users\/1"}],"replies":[{"embeddable":true,"href":"https:\/\/stephanedebove.net\/fr\/wp-json\/wp\/v2\/comments?post=1286"}],"version-history":[{"count":7,"href":"https:\/\/stephanedebove.net\/fr\/wp-json\/wp\/v2\/pages\/1286\/revisions"}],"predecessor-version":[{"id":1296,"href":"https:\/\/stephanedebove.net\/fr\/wp-json\/wp\/v2\/pages\/1286\/revisions\/1296"}],"wp:attachment":[{"href":"https:\/\/stephanedebove.net\/fr\/wp-json\/wp\/v2\/media?parent=1286"}],"curies":[{"name":"wp","href":"https:\/\/api.w.org\/{rel}","templated":true}]}}