{"id":14,"date":"2014-11-20T21:42:30","date_gmt":"2014-11-20T21:42:30","guid":{"rendered":"https:\/\/stephanedebove.net\/?page_id=14"},"modified":"2026-01-21T00:21:44","modified_gmt":"2026-01-21T00:21:44","slug":"contact","status":"publish","type":"page","link":"https:\/\/stephanedebove.net\/fr\/contact\/","title":{"rendered":"Contact"},"content":{"rendered":"<p>Le plus simple pour m&rsquo;\u00e9crire est d\u2019utiliser le formulaire ci-dessous.<\/p>\n<p>Si je n\u2019ai pas r\u00e9pondu sous dix jours, l\u2019explication la plus probable est que je n\u2019ai pas re\u00e7u votre message (ces formulaires de contact peuvent \u00eatre tatillons). R\u00e9essayez si possible par un autre moyen (par exemple, les r\u00e9seaux sociaux ci-dessous).<\/p>\n<p>Mes r\u00e9seaux sociaux personnels :<\/p>\n<p><a href=\"https:\/\/www.facebook.com\/stephanedbv\">https:\/\/www.facebook.com\/stephanedbv<\/a><br \/>\n<a href=\"https:\/\/www.linkedin.com\/in\/stephane-debove\/\">https:\/\/www.linkedin.com\/in\/stephane-debove\/<\/a><\/p>\n<p>Et tous ceux d\u2019EvoSapiens : <\/p>\n<p><a href=\"https:\/\/evosapiens.net\/social\">https:\/\/evosapiens.net\/social<\/a><\/p>\n<p>\n<div class=\"wpcf7 no-js\" id=\"wpcf7-f116-o2\" lang=\"en-US\" dir=\"ltr\" data-wpcf7-id=\"116\">\n<div class=\"screen-reader-response\"><p role=\"status\" aria-live=\"polite\" aria-atomic=\"true\"><\/p> <ul><\/ul><\/div>\n<form action=\"\/fr\/wp-json\/wp\/v2\/pages\/14#wpcf7-f116-o2\" method=\"post\" class=\"wpcf7-form init\" aria-label=\"Contact form\" novalidate=\"novalidate\" data-status=\"init\">\n<fieldset class=\"hidden-fields-container\"><input type=\"hidden\" name=\"_wpcf7\" value=\"116\" \/><input type=\"hidden\" name=\"_wpcf7_version\" value=\"6.1.4\" \/><input type=\"hidden\" name=\"_wpcf7_locale\" value=\"en_US\" \/><input type=\"hidden\" name=\"_wpcf7_unit_tag\" value=\"wpcf7-f116-o2\" \/><input type=\"hidden\" name=\"_wpcf7_container_post\" value=\"0\" \/><input type=\"hidden\" name=\"_wpcf7_posted_data_hash\" value=\"\" \/>\n<\/fieldset>\n<p>Votre nom \/ pseudo (requis)\n<\/p>\n<p><span class=\"wpcf7-form-control-wrap\" data-name=\"your-name\"><input size=\"40\" maxlength=\"400\" class=\"wpcf7-form-control wpcf7-text wpcf7-validates-as-required\" aria-required=\"true\" aria-invalid=\"false\" value=\"\" type=\"text\" name=\"your-name\" \/><\/span>\n<\/p>\n<p>Votre email (requis)\n<\/p>\n<p><span class=\"wpcf7-form-control-wrap\" data-name=\"your-email\"><input size=\"40\" maxlength=\"400\" class=\"wpcf7-form-control wpcf7-email wpcf7-validates-as-required wpcf7-text wpcf7-validates-as-email\" aria-required=\"true\" aria-invalid=\"false\" value=\"\" type=\"email\" name=\"your-email\" \/><\/span>\n<\/p>\n<p>Sujet\n<\/p>\n<p><span class=\"wpcf7-form-control-wrap\" data-name=\"your-subject\"><input size=\"40\" maxlength=\"400\" class=\"wpcf7-form-control wpcf7-text\" aria-invalid=\"false\" value=\"\" type=\"text\" name=\"your-subject\" \/><\/span>\n<\/p>\n<p>Votre message (requis, max 4000 caract\u00e8res !)\n<\/p>\n<p><span class=\"wpcf7-form-control-wrap\" data-name=\"your-message\"><textarea cols=\"40\" rows=\"10\" maxlength=\"4000\" class=\"wpcf7-form-control wpcf7-textarea wpcf7-validates-as-required\" aria-required=\"true\" aria-invalid=\"false\" name=\"your-message\"><\/textarea><\/span><br \/>\n<span class=\"wpcf7-character-count up\" data-target-name=\"your-message\" data-starting-value=\"0\" data-current-value=\"0\" data-maximum-value=\"4000\">0<\/span>\n<\/p>\n<p>Entrez ce captcha: <input type=\"hidden\" name=\"_wpcf7_captcha_challenge_captcha-245\" value=\"2886197983\" \/><img loading=\"lazy\" decoding=\"async\" class=\"wpcf7-form-control wpcf7-captchac wpcf7-captcha-captcha-245\" width=\"72\" height=\"24\" alt=\"captcha\" src=\"https:\/\/stephanedebove.net\/wp-content\/uploads\/wpcf7_captcha\/2886197983.png\" \/><br \/>\n<span class=\"wpcf7-form-control-wrap\" data-name=\"captcha-245\"><input size=\"40\" class=\"wpcf7-form-control wpcf7-captchar\" autocomplete=\"off\" aria-invalid=\"false\" value=\"\" type=\"text\" name=\"captcha-245\" \/><\/span>\n<\/p>\n<p><input class=\"wpcf7-form-control wpcf7-submit has-spinner\" type=\"submit\" value=\"Envoyer\" \/>\n<\/p><p style=\"display: none !important;\" class=\"akismet-fields-container\" data-prefix=\"_wpcf7_ak_\"><label>&#916;<textarea name=\"_wpcf7_ak_hp_textarea\" cols=\"45\" rows=\"8\" maxlength=\"100\"><\/textarea><\/label><input type=\"hidden\" id=\"ak_js_2\" name=\"_wpcf7_ak_js\" value=\"150\"\/><script>document.getElementById( \"ak_js_2\" ).setAttribute( \"value\", ( new Date() ).getTime() );<\/script><\/p><div class=\"wpcf7-response-output\" aria-hidden=\"true\"><\/div>\n<\/form>\n<\/div>\n<\/p>","protected":false},"excerpt":{"rendered":"<p>Le plus simple pour m&rsquo;\u00e9crire est d\u2019utiliser le formulaire ci-dessous. Si je n\u2019ai pas r\u00e9pondu sous dix jours, l\u2019explication la plus probable est que je n\u2019ai pas re\u00e7u votre message (ces formulaires de contact peuvent \u00eatre tatillons). R\u00e9essayez si possible par un autre moyen (par exemple, les r\u00e9seaux sociaux ci-dessous). Mes r\u00e9seaux sociaux personnels : https:\/\/www.facebook.com\/stephanedbv https:\/\/www.linkedin.com\/in\/stephane-debove\/ Et tous ceux d\u2019EvoSapiens : https:\/\/evosapiens.net\/social<\/p>\n","protected":false},"author":1,"featured_media":0,"parent":0,"menu_order":0,"comment_status":"closed","ping_status":"closed","template":"","meta":{"footnotes":""},"class_list":["post-14","page","type-page","status-publish","hentry"],"aioseo_notices":[],"_links":{"self":[{"href":"https:\/\/stephanedebove.net\/fr\/wp-json\/wp\/v2\/pages\/14","targetHints":{"allow":["GET"]}}],"collection":[{"href":"https:\/\/stephanedebove.net\/fr\/wp-json\/wp\/v2\/pages"}],"about":[{"href":"https:\/\/stephanedebove.net\/fr\/wp-json\/wp\/v2\/types\/page"}],"author":[{"embeddable":true,"href":"https:\/\/stephanedebove.net\/fr\/wp-json\/wp\/v2\/users\/1"}],"replies":[{"embeddable":true,"href":"https:\/\/stephanedebove.net\/fr\/wp-json\/wp\/v2\/comments?post=14"}],"version-history":[{"count":17,"href":"https:\/\/stephanedebove.net\/fr\/wp-json\/wp\/v2\/pages\/14\/revisions"}],"predecessor-version":[{"id":1214,"href":"https:\/\/stephanedebove.net\/fr\/wp-json\/wp\/v2\/pages\/14\/revisions\/1214"}],"wp:attachment":[{"href":"https:\/\/stephanedebove.net\/fr\/wp-json\/wp\/v2\/media?parent=14"}],"curies":[{"name":"wp","href":"https:\/\/api.w.org\/{rel}","templated":true}]}}