{"id":22,"date":"2014-11-20T21:47:22","date_gmt":"2014-11-20T21:47:22","guid":{"rendered":"https:\/\/stephanedebove.net\/?page_id=22"},"modified":"2026-01-21T00:39:48","modified_gmt":"2026-01-21T00:39:48","slug":"research","status":"publish","type":"page","link":"https:\/\/stephanedebove.net\/fr\/research\/","title":{"rendered":"Mon sujet"},"content":{"rendered":"<p><br \/>\n<a href=\"https:\/\/stephanedebove.net\/wp-content\/uploads\/2014\/11\/chimp.jpg\"><img decoding=\"async\" class=\"alignleft size-medium wp-image-121\" src=\"https:\/\/stephanedebove.net\/wp-content\/uploads\/2014\/11\/chimp-371x600.jpg\" alt=\"chimpanzee\" width=\"150px\" srcset=\"https:\/\/stephanedebove.net\/wp-content\/uploads\/2014\/11\/chimp-371x600.jpg 371w, https:\/\/stephanedebove.net\/wp-content\/uploads\/2014\/11\/chimp-633x1024.jpg 633w, https:\/\/stephanedebove.net\/wp-content\/uploads\/2014\/11\/chimp-642x1038.jpg 642w, https:\/\/stephanedebove.net\/wp-content\/uploads\/2014\/11\/chimp.jpg 767w\" sizes=\"(max-width: 371px) 100vw, 371px\" \/><\/a>L&rsquo;Homme se pr\u00e9occupe d&rsquo;\u00e9quit\u00e9 : nous n&rsquo;aimons pas les gens qui se comportent de mani\u00e8re in\u00e9quitable et nous sommes pr\u00eats \u00e0 aider et compenser les gens victimes d&rsquo;injustice. Mais pourquoi l&rsquo;\u00e9quit\u00e9 est-elle si importante en premier lieu ? Est-ce que l&rsquo;\u00e9quit\u00e9 est enti\u00e8rement un produit culturel ou est-ce qu&rsquo;elle a aussi une base biologique ? Quels sont les avantages de se comporter de mani\u00e8re \u00e9quitable du point de vue de la th\u00e9orie de l&rsquo;\u00e9volution ? Et en quoi sommes-nous diff\u00e9rents des autres primates \u00e0 cet \u00e9gard ?<\/p>\n<p>C\u2019est dans le but de r\u00e9pondre \u00e0 ces questions que j&rsquo;ai fait ma th\u00e8se, \u00e0 l&rsquo;<em>\u00c9cole normale sup\u00e9rieure de Paris<\/em> (<a href=\"http:\/\/www.biologie.ens.fr\/depbio\/\">IBENS<\/a>) et dans l&rsquo;\u00e9quipe d&rsquo; <a href=\"http:\/\/iec-esc.ens.fr\/\">\u00c9volution et Cognition Sociale<\/a>, sous la direction de <a href=\"https:\/\/sites.google.com\/site\/nicolasbaumard\/\">Nicolas Baumard<\/a> et <a href=\"http:\/\/jb.homepage.free.fr\/\">Jean-Baptiste Andr\u00e9<\/a>.<\/p>\n<p>&nbsp;<\/p>\n<p>J\u2019ai fait un r\u00e9sum\u00e9 assez exhaustif de ces travaux sur l\u2019origine \u00e9volutionnaire de la morale\/\u00e9quit\u00e9\/justice dans une s\u00e9rie de vid\u00e9os sur Youtube, dont voici la premi\u00e8re :<\/p>\n<p><iframe loading=\"lazy\" title=\"La morale, ce truc bizarre - morale #1\" width=\"960\" height=\"540\" src=\"https:\/\/www.youtube.com\/embed\/1jkIONNqBcg?feature=oembed\" frameborder=\"0\" allow=\"accelerometer; autoplay; clipboard-write; encrypted-media; gyroscope; picture-in-picture; web-share\" referrerpolicy=\"strict-origin-when-cross-origin\" allowfullscreen><\/iframe><\/p>\n<p><strong>Si vous en voulez encore plus, vous pouvez lire <a href=\"https:\/\/stephanedebove.net\/francais-livres\/\" title=\"Livres\">mon livre<\/a><\/strong><\/p>\n<p>ou celui de Nicolas Baumard :<\/p>\n<p>Baumard, N. (2011). <em>Comment nous sommes devenus moraux: Une histoire naturelle du bien et du mal.<\/em> (O. Jacob, Ed.).)<\/p>\n<p><strong>Si vous en voulez toujours plus, j&rsquo;ai peur que vous n&rsquo;ayez pas d&rsquo;autres choix que de vous taper la <a href=\"https:\/\/stephanedebove.net\/research\/publications\/\">litt\u00e9rature scientifique ennuyeuse<\/a>.<\/strong><br \/>\n<\/p>","protected":false},"excerpt":{"rendered":"<p>L&rsquo;Homme se pr\u00e9occupe d&rsquo;\u00e9quit\u00e9 : nous n&rsquo;aimons pas les gens qui se comportent de mani\u00e8re in\u00e9quitable et nous sommes pr\u00eats \u00e0 aider et compenser les gens victimes d&rsquo;injustice. Mais pourquoi l&rsquo;\u00e9quit\u00e9 est-elle si importante en premier lieu ? Est-ce que l&rsquo;\u00e9quit\u00e9 est enti\u00e8rement un produit culturel ou est-ce qu&rsquo;elle a aussi une base biologique ? Quels sont les avantages de se comporter de mani\u00e8re \u00e9quitable du point de vue de la th\u00e9orie de l&rsquo;\u00e9volution ? Et en quoi sommes-nous diff\u00e9rents des autres primates \u00e0 cet \u00e9gard ? C\u2019est dans le but de r\u00e9pondre \u00e0 ces questions que j&rsquo;ai fait ma th\u00e8se, \u00e0 l&rsquo;\u00c9cole normale sup\u00e9rieure de Paris (IBENS) et dans l&rsquo;\u00e9quipe d&rsquo; \u00c9volution et Cognition Sociale, sous la direction de Nicolas Baumard et Jean-Baptiste Andr\u00e9. &nbsp; J\u2019ai fait un r\u00e9sum\u00e9 assez exhaustif de ces travaux sur l\u2019origine \u00e9volutionnaire de la morale\/\u00e9quit\u00e9\/justice dans une s\u00e9rie de vid\u00e9os sur Youtube, dont voici la premi\u00e8re : Si vous en voulez encore plus, vous pouvez lire mon livre ou celui de Nicolas Baumard : Baumard, N. (2011). Comment nous sommes devenus moraux: Une histoire naturelle du bien et du mal. (O. Jacob, Ed.).) Si vous en voulez toujours plus, j&rsquo;ai peur que vous n&rsquo;ayez pas d&rsquo;autres choix que de vous taper la litt\u00e9rature scientifique ennuyeuse.<\/p>\n","protected":false},"author":1,"featured_media":0,"parent":0,"menu_order":0,"comment_status":"closed","ping_status":"closed","template":"","meta":{"footnotes":""},"class_list":["post-22","page","type-page","status-publish","hentry"],"aioseo_notices":[],"_links":{"self":[{"href":"https:\/\/stephanedebove.net\/fr\/wp-json\/wp\/v2\/pages\/22","targetHints":{"allow":["GET"]}}],"collection":[{"href":"https:\/\/stephanedebove.net\/fr\/wp-json\/wp\/v2\/pages"}],"about":[{"href":"https:\/\/stephanedebove.net\/fr\/wp-json\/wp\/v2\/types\/page"}],"author":[{"embeddable":true,"href":"https:\/\/stephanedebove.net\/fr\/wp-json\/wp\/v2\/users\/1"}],"replies":[{"embeddable":true,"href":"https:\/\/stephanedebove.net\/fr\/wp-json\/wp\/v2\/comments?post=22"}],"version-history":[{"count":42,"href":"https:\/\/stephanedebove.net\/fr\/wp-json\/wp\/v2\/pages\/22\/revisions"}],"predecessor-version":[{"id":1219,"href":"https:\/\/stephanedebove.net\/fr\/wp-json\/wp\/v2\/pages\/22\/revisions\/1219"}],"wp:attachment":[{"href":"https:\/\/stephanedebove.net\/fr\/wp-json\/wp\/v2\/media?parent=22"}],"curies":[{"name":"wp","href":"https:\/\/api.w.org\/{rel}","templated":true}]}}