{"id":24,"date":"2014-11-20T21:47:54","date_gmt":"2014-11-20T21:47:54","guid":{"rendered":"https:\/\/stephanedebove.net\/?page_id=24"},"modified":"2026-01-21T00:16:30","modified_gmt":"2026-01-21T00:16:30","slug":"publications","status":"publish","type":"page","link":"https:\/\/stephanedebove.net\/fr\/publications\/","title":{"rendered":"Publications"},"content":{"rendered":"<p>(Note : \u00e0 l\u2019heure actuelle, je ne fais quasiment plus de recherche et me consacre majoritairement \u00e0 la <a href=\"https:\/\/stephanedebove.net\/popularization\/francais-homo-fabulus\/\" title=\"EvoSapiens\">vulgarisation<\/a>)<\/p>\n<h3>Articles publi\u00e9s dans des journaux \u00e0 revue par les pairs :<\/h3>\n<p><strong>Debove, S., F\u00fcchslin, T., Louis, T., &#038; Masselot, P. (2021). <a href=\"https:\/\/doi.org\/10.3389\/fcomm.2021.612667\">French Science Communication on YouTube: A Survey of Individual and Institutional Communicators and Their Channel Characteristics.<\/a> Frontiers in Communication, 6, 9. <\/strong> (open access, t\u00e9l\u00e9chargez le pdf sur le site de Frontiers en cliquant sur le lien ci-dessus)<\/p>\n<p><strong>Yamada, Y., \u0106epuli\u0107, D.-B., Coll-Mart\u00edn, T., Debove, S., Gautreau, G., Han, H., Rasmussen, J., Tran, T. P., Travaglino, G. A., &#038; Lieberoth, A. (2021). <a href=\"https:\/\/doi.org\/10.1038\/s41597-020-00784-9\">COVIDiSTRESS Global Survey dataset on psychological and behavioural consequences of the COVID-19 outbreak<\/a>. Scientific Data, 8(1), 3. <\/strong><br \/>\n<a href=\"https:\/\/stephanedebove.net\/?wpdmdl=1152\"><img decoding=\"async\" src=\"https:\/\/stephanedebove.net\/wp-content\/uploads\/2014\/12\/pdf24.png\" alt=\"\" \/><\/a> <a href=\"https:\/\/stephanedebove.net\/?wpdmdl=1152\">PDF<\/a> (.pdf, 1.21MB)<\/p>\n<p><strong>&#8211; Debove, S., Baumard, N. and Andr\u00e9, J.-B. (2017), <a href=\"https:\/\/stephanedebove.net\/on-the-evolutionary-origins-of-equity\/\">On the evolutionary origins of equity.<\/a> Plos One<\/strong><br \/>\n<a href=\"https:\/\/stephanedebove.net\/?wpdmdl=1150\"><img decoding=\"async\" src=\"https:\/\/stephanedebove.net\/wp-content\/uploads\/2014\/12\/pdf24.png\" alt=\"\" \/><\/a> <a href=\"https:\/\/stephanedebove.net\/?wpdmdl=1150\">PDF<\/a> (.pdf, 1.78MB) <\/p>\n<p><strong>&#8211; Debove, S., Baumard, N. and Andr\u00e9, J.-B. (2015), <a href=\"https:\/\/stephanedebove.net\/models-of-the-evolution-of-fairness-in-the-ultimatum-game-a-review-and-classification\/\">Models of the evolution of fairness in the ultimatum game: a review and classification.<\/a> Evolution and Human Behavior<\/strong><\/p>\n<p><a href=\"https:\/\/stephanedebove.net\/?wpdmdl=377\"><img decoding=\"async\" src=\"https:\/\/stephanedebove.net\/wp-content\/uploads\/2014\/12\/pdf24.png\" alt=\"\" \/><\/a> <a href=\"https:\/\/stephanedebove.net\/?wpdmdl=377\">PDF<\/a> (.pdf, 433KB)<br \/>\n<a href=\"https:\/\/stephanedebove.net\/?wpdmdl=248\"><img decoding=\"async\" src=\"https:\/\/stephanedebove.net\/wp-content\/uploads\/2014\/12\/box_download24.png\" alt=\"\" \/><\/a> <a href=\"https:\/\/stephanedebove.net\/?wpdmdl=248\">Source code for the 5 replicated models<\/a> (.zip, 27KB)<br \/>\n<a href=\"https:\/\/stephanedebove.net\/?wpdmdl=246\"><img decoding=\"async\" src=\"https:\/\/stephanedebove.net\/wp-content\/uploads\/2014\/12\/box_download24.png\" alt=\"\" \/><\/a> <a href=\"https:\/\/stephanedebove.net\/?wpdmdl=246\">Source code + raw data + analysis file<\/a> (.zip, 147KB)<\/p>\n<p>&nbsp;<\/p>\n<p><strong>&#8211; Debove, S., Andr\u00e9, J.-B., and Baumard, N. (2015), <a href=\"https:\/\/stephanedebove.net\/partner-choice-creates-fairness-in-humans-debove-andre-baumard\/\" title=\"Partner choice creates fairness in humans\">Partner choice creates fairness in humans.<\/a> Proceedings of the Royal Society B, 282:20150392<\/strong><br \/>\n<a href=\"https:\/\/stephanedebove.net\/?wpdmdl=187\"><img decoding=\"async\" src=\"https:\/\/stephanedebove.net\/wp-content\/uploads\/2014\/12\/pdf24.png\" alt=\"\" \/><\/a> <a href=\"https:\/\/stephanedebove.net\/?wpdmdl=187\">PDF<\/a> (.pdf, 451KB)<br \/>\n<a href=\"https:\/\/stephanedebove.net\/?wpdmdl=181\"><img decoding=\"async\" src=\"https:\/\/stephanedebove.net\/wp-content\/uploads\/2015\/01\/blank.png\" alt=\"\" \/><\/a> <a href=\"https:\/\/stephanedebove.net\/?wpdmdl=181\">Source code<\/a> (.netlogo, 24KB)<br \/>\n<a href=\"https:\/\/stephanedebove.net\/?wpdmdl=179\"><img decoding=\"async\" src=\"https:\/\/stephanedebove.net\/wp-content\/uploads\/2014\/12\/box_download24.png\" alt=\"\" \/><\/a> <a href=\"https:\/\/stephanedebove.net\/?wpdmdl=179\">Raw data and analysis file<\/a> (.zip, 640KB)<br \/>\n<a href=\"https:\/\/stephanedebove.net\/?wpdmdl=215\"><img decoding=\"async\" src=\"https:\/\/stephanedebove.net\/wp-content\/uploads\/2014\/12\/box_download24.png\" alt=\"\" \/><\/a> <a href=\"https:\/\/stephanedebove.net\/?wpdmdl=215\">zTree treatments<\/a> (.zip, 8.6KB)<\/p>\n<p>&nbsp;<\/p>\n<p><strong>&#8211; Debove, S., Baumard, N. and Andr\u00e9, J.-B. (2015), <a href=\"https:\/\/stephanedebove.net\/evolution-of-equal-division-among-unequal-partners\/\" title=\"Evolution of equal division among unequal partners\">Evolution of equal division among unequal partners.<\/a> Evolution, 69: 561\u2013569.<\/strong><br \/>\n<a href=\"https:\/\/stephanedebove.net\/?wpdmdl=162\"><img decoding=\"async\" src=\"https:\/\/stephanedebove.net\/wp-content\/uploads\/2014\/12\/pdf24.png\" alt=\"\" \/><\/a> <a href=\"https:\/\/stephanedebove.net\/?wpdmdl=162\">PDF<\/a> (.pdf, 549KB)<br \/>\n<a href=\"https:\/\/stephanedebove.net\/?wpdmdl=138\"><img decoding=\"async\" src=\"https:\/\/stephanedebove.net\/wp-content\/uploads\/2015\/01\/blank.png\" alt=\"\" \/><\/a> <a href=\"https:\/\/stephanedebove.net\/?wpdmdl=138\">Source code<\/a> (.netlogo, 37.01KB)<br \/>\n<a href=\"https:\/\/stephanedebove.net\/?wpdmdl=135\"><img decoding=\"async\" src=\"https:\/\/stephanedebove.net\/wp-content\/uploads\/2014\/12\/box_download24.png\" alt=\"\" \/><\/a> <a href=\"https:\/\/stephanedebove.net\/?wpdmdl=135\">Raw data and analysis file<\/a> (.zip, 28.24MB)<\/p>\n<p>&nbsp;<\/p>\n<p>&nbsp;<\/p>\n<h3>Communications grand public:<\/h3>\n<p>&#8211; Debove, S. (2021). <a href=\"https:\/\/www.amazon.fr\/Pourquoi-notre-cerveau-invent%C3%A9-bien\/dp\/2379312028\">Pourquoi notre cerveau a invent\u00e9 le bien et le mal ?<\/a> Editions Humensciences. <\/a><br \/>\n<img loading=\"lazy\" decoding=\"async\" src=\"https:\/\/stephanedebove.net\/wp-content\/uploads\/2022\/01\/Pourquoi-notre-cerveau-a-invente-le-bien-et-le-mal.jpg\" alt=\"\" width=\"400\" height=\"586\" class=\"aligncenter size-full wp-image-1157\" \/><\/p>\n<p>&#8211; Debove, S. (2014). <a href=\"https:\/\/stephanedebove.net\/download\/pourquoi-les-hommes-sont-ils-devenus-moraux\/?wpdmdl=253\">Pourquoi les hommes sont-ils devenus moraux?<\/a><em> L&rsquo;Essentiel Cerveau &amp; Psycho<\/em>, num\u00e9ro 18. <a href=\"http:\/\/www.cerveauetpsycho.fr\/ewb_pages\/a\/article-pourquoi-les-hommes-sont-ils-devenus-moraux-32921.php\">(Online version here).<\/a><\/p>\n<p>&#8211; Radio interview, Peut-on innover en classe de sciences? France culture, \u00e9mission du 10\/10\/2014. Listen to the podcast below or <a href=\"http:\/\/www.franceculture.fr\/emission-science-publique-peut-on-innover-en-classe-de-science-2014-10-10\">here.<\/a><\/p>\n<p><iframe loading=\"lazy\" src=\"http:\/\/www.franceculture.fr\/player\/export-reecouter?content=4927080\" width=\"481\" height=\"139\" frameborder=\"0\" scrolling=\"no\"><\/iframe><\/p>\n<p>&#8211; TV Interview for the \u00ab\u00a0Sp\u00e9cimen\u00a0\u00bb tv show (RTS), in french, viewable here <a href=\"http:\/\/www.rts.ch\/play\/tv\/specimen\/video\/je-suis-moral-et-cest-pas-si-mal?id=7751093\">ici<\/a>.<\/p>\n<p>&nbsp;<\/p>\n<p>&nbsp;<\/p>\n<h3>Ma <a href=\"https:\/\/stephanedebove.net\/thesis-stephane-debove-the-evolutionary-origins-of-human-fairness\/\">th\u00e8se<\/a><\/h3>\n<p><a href=\"https:\/\/stephanedebove.net\/?wpdmdl=222\"><img decoding=\"async\" src=\"https:\/\/stephanedebove.net\/wp-content\/uploads\/2014\/12\/pdf24.png\" alt=\"\" \/><\/a> <a href=\"https:\/\/stephanedebove.net\/?wpdmdl=222\">PDF<\/a> (.pdf, 7MB.) <\/p>\n<p><img loading=\"lazy\" decoding=\"async\" src=\"https:\/\/stephanedebove.net\/wp-content\/uploads\/2014\/11\/affiche_v2_2-424x600.png\" alt=\"affiche_v2_2\" width=\"424\" height=\"600\" class=\"size-medium wp-image-267\" srcset=\"https:\/\/stephanedebove.net\/wp-content\/uploads\/2014\/11\/affiche_v2_2-424x600.png 424w, https:\/\/stephanedebove.net\/wp-content\/uploads\/2014\/11\/affiche_v2_2.png 636w\" sizes=\"auto, (max-width: 424px) 100vw, 424px\" \/><\/p>\n<p>&nbsp;<\/p>\n<p>&nbsp;<\/p>\n<h3>Conf\u00e9rences:<\/h3>\n<p>&#8211; Debove, S., N. Baumard and J.B. Andr\u00e9. Partner choice explains the evolution of meritocratic preferences in humans. <a href=\"http:\/\/www.ehbea2015.org\/\">EHBEA 2015<\/a>, Helsinki, Finland. <\/p>\n<p>&#8211; Debove, S., N. Baumard and J.B. Andr\u00e9. The evolution of proportionality by partner choice. Central European University <a href=\"http:\/\/summer.ceu.hu\/morality-2014\">2014 Summer School<\/a>, Budapest, Hungary.<\/p>\n<p>&#8211; Debove, S., N. Baumard and J.B. Andr\u00e9. The evolution of merit by partner choice. <a href=\"http:\/\/www.ccic-cerisy.asso.fr\/cognition13.html\">Ecole th\u00e9matique du CNRS: Morale et Cognition, l&rsquo;\u00e9preuve du terrain.<\/a> 2013, Centre culturel international de Cerisy, Cerisy, France.<\/p>\n<p>&#8211; Debove, S., N. Baumard and J.B. Andr\u00e9. The evolution of merit by partner choice. 25th Annual <a href=\"https:\/\/www.hbes.com\/conference\/\">HBES Conference<\/a> (2013), Miami, Florida.<\/p>","protected":false},"excerpt":{"rendered":"<p>(Note : \u00e0 l\u2019heure actuelle, je ne fais quasiment plus de recherche et me consacre majoritairement \u00e0 la vulgarisation) Articles publi\u00e9s dans des journaux \u00e0 revue par les pairs : Debove, S., F\u00fcchslin, T., Louis, T., &#038; Masselot, P. (2021). French Science Communication on YouTube: A Survey of Individual and Institutional Communicators and Their Channel Characteristics. Frontiers in Communication, 6, 9. (open access, t\u00e9l\u00e9chargez le pdf sur le site de Frontiers en cliquant sur le lien ci-dessus) Yamada, Y., \u0106epuli\u0107, D.-B., Coll-Mart\u00edn, T., Debove, S., Gautreau, G., Han, H., Rasmussen, J., Tran, T. P., Travaglino, G. A., &#038; Lieberoth, A. (2021). COVIDiSTRESS Global Survey dataset on psychological and behavioural consequences of the COVID-19 outbreak. Scientific Data, 8(1), 3. PDF (.pdf, 1.21MB) &#8211; Debove, S., Baumard, N. and Andr\u00e9, J.-B. (2017), On the evolutionary origins of equity. Plos One PDF (.pdf, 1.78MB) &#8211; Debove, S., Baumard, N. and Andr\u00e9, J.-B. (2015), Models of the evolution of fairness in the ultimatum game: a review and classification. Evolution and Human Behavior PDF (.pdf, 433KB) Source code for the 5 replicated models (.zip, 27KB) Source code + raw data + analysis file (.zip, 147KB) &nbsp; &#8211; Debove, S., Andr\u00e9, J.-B., and Baumard, N. (2015), Partner choice creates fairness in humans. Proceedings of the Royal Society B, 282:20150392 PDF (.pdf, 451KB) Source code (.netlogo, 24KB) Raw data and analysis file (.zip, 640KB) zTree treatments (.zip, 8.6KB) &nbsp; &#8211; Debove, S., Baumard, N. and Andr\u00e9, J.-B. (2015), Evolution of equal division among unequal partners. Evolution, 69: 561\u2013569. PDF (.pdf, 549KB) Source code (.netlogo, 37.01KB) Raw data and analysis file (.zip, 28.24MB) &nbsp; &nbsp; Communications grand public: &#8211; Debove, S. (2021). Pourquoi notre cerveau a invent\u00e9 le bien et le mal ? Editions Humensciences. &#8211; Debove, S. (2014). Pourquoi les hommes sont-ils devenus moraux? L&rsquo;Essentiel Cerveau &amp; Psycho, num\u00e9ro 18. (Online version here). &#8211; Radio interview, Peut-on innover en classe de sciences? France culture, \u00e9mission du 10\/10\/2014. Listen to the podcast below or here. &#8211; TV Interview for the \u00ab\u00a0Sp\u00e9cimen\u00a0\u00bb tv show (RTS), in french, viewable here ici. &nbsp; &nbsp; Ma th\u00e8se PDF (.pdf, 7MB.) &nbsp; &nbsp; Conf\u00e9rences: &#8211; Debove, S., N. Baumard and J.B. Andr\u00e9. Partner choice explains the evolution of meritocratic preferences in humans. EHBEA 2015, Helsinki, Finland. &#8211; Debove, S., N. Baumard and J.B. Andr\u00e9. The evolution of proportionality by partner choice. Central European University 2014 Summer School, Budapest, Hungary. &#8211; Debove, S., N. Baumard and J.B. Andr\u00e9. The evolution of merit by partner choice. Ecole th\u00e9matique du CNRS: Morale et Cognition, l&rsquo;\u00e9preuve du terrain. 2013, Centre culturel international de Cerisy, Cerisy, France. &#8211; Debove, S., N. Baumard and J.B. Andr\u00e9. The evolution of merit by partner choice. 25th Annual HBES Conference (2013), Miami, Florida.<\/p>\n","protected":false},"author":1,"featured_media":0,"parent":0,"menu_order":0,"comment_status":"closed","ping_status":"closed","template":"","meta":{"footnotes":""},"class_list":["post-24","page","type-page","status-publish","hentry"],"aioseo_notices":[],"_links":{"self":[{"href":"https:\/\/stephanedebove.net\/fr\/wp-json\/wp\/v2\/pages\/24","targetHints":{"allow":["GET"]}}],"collection":[{"href":"https:\/\/stephanedebove.net\/fr\/wp-json\/wp\/v2\/pages"}],"about":[{"href":"https:\/\/stephanedebove.net\/fr\/wp-json\/wp\/v2\/types\/page"}],"author":[{"embeddable":true,"href":"https:\/\/stephanedebove.net\/fr\/wp-json\/wp\/v2\/users\/1"}],"replies":[{"embeddable":true,"href":"https:\/\/stephanedebove.net\/fr\/wp-json\/wp\/v2\/comments?post=24"}],"version-history":[{"count":75,"href":"https:\/\/stephanedebove.net\/fr\/wp-json\/wp\/v2\/pages\/24\/revisions"}],"predecessor-version":[{"id":1179,"href":"https:\/\/stephanedebove.net\/fr\/wp-json\/wp\/v2\/pages\/24\/revisions\/1179"}],"wp:attachment":[{"href":"https:\/\/stephanedebove.net\/fr\/wp-json\/wp\/v2\/media?parent=24"}],"curies":[{"name":"wp","href":"https:\/\/api.w.org\/{rel}","templated":true}]}}