{"id":27,"date":"2014-11-20T21:50:13","date_gmt":"2014-11-20T21:50:13","guid":{"rendered":"https:\/\/stephanedebove.net\/?page_id=27"},"modified":"2026-01-22T10:06:47","modified_gmt":"2026-01-22T10:06:47","slug":"home","status":"publish","type":"page","link":"https:\/\/stephanedebove.net\/fr\/","title":{"rendered":"Qui suis-je ?"},"content":{"rendered":"<p><figure id=\"attachment_427\" aria-describedby=\"caption-attachment-427\" style=\"width: 250px\" class=\"wp-caption alignleft\"><img loading=\"lazy\" decoding=\"async\" class=\"size-medium wp-image-427\" src=\"https:\/\/stephanedebove.net\/wp-content\/uploads\/2018\/07\/chevre-600x600.jpg\" alt=\"\" width=\"250\" height=\"250\" srcset=\"https:\/\/stephanedebove.net\/wp-content\/uploads\/2018\/07\/chevre-600x600.jpg 600w, https:\/\/stephanedebove.net\/wp-content\/uploads\/2018\/07\/chevre-150x150.jpg 150w, https:\/\/stephanedebove.net\/wp-content\/uploads\/2018\/07\/chevre-768x768.jpg 768w, https:\/\/stephanedebove.net\/wp-content\/uploads\/2018\/07\/chevre-1024x1024.jpg 1024w, https:\/\/stephanedebove.net\/wp-content\/uploads\/2018\/07\/chevre-125x125.jpg 125w, https:\/\/stephanedebove.net\/wp-content\/uploads\/2018\/07\/chevre-642x642.jpg 642w, https:\/\/stephanedebove.net\/wp-content\/uploads\/2018\/07\/chevre-978x978.jpg 978w, https:\/\/stephanedebove.net\/wp-content\/uploads\/2018\/07\/chevre.jpg 1080w\" sizes=\"auto, (max-width: 250px) 100vw, 250px\" \/><figcaption id=\"caption-attachment-427\" class=\"wp-caption-text\">Je suis \u00e0 droite sur cette photo<\/figcaption><\/figure><\/p>\n<p>Je suis un tas d\u2019atomes dans l\u2019univers contr\u00f4l\u00e9 par un plus petit tas d\u2019atomes qui cherche \u00e0 se r\u00e9pliquer, mais je ne comprends pas pourquoi. C\u2019est pourquoi j\u2019ai fait une <a title=\"Research\" href=\"https:\/\/stephanedebove.net\/research\/\">th\u00e8se en sciences cognitives \/ biologie de l\u2019\u00e9volution<\/a> sur le comportement humain et que je <a title=\"EvoSapiens\" href=\"https:\/\/stephanedebove.net\/francais-homo-fabulus\/\">vulgarise cette recherche<\/a> sur le web, dans <a title=\"Livres\" href=\"https:\/\/stephanedebove.net\/francais-livres\/\">quelques livres<\/a> et <a title=\"Conf\u00e9rences\" href=\"https:\/\/stephanedebove.net\/conferences\/\">conf\u00e9rences<\/a>.<\/p>\n<p>Je <a href=\"https:\/\/stephanedebove.net\/francais-recherche-en-classe\/\">travaille avec l\u2019AFPER<\/a> pour cr\u00e9er des activit\u00e9s de recherche \u00e0 r\u00e9aliser en classe, en collaboration avec des chercheurs\/chercheuses qui mettent au d\u00e9fi les \u00e9l\u00e8ves dans une petite vid\u00e9o.<\/p>\n<p>Je m\u2019int\u00e9resse \u00e0 l\u2019\u00e9cosyst\u00e8me de la vulgarisation scientifique sur YouTube en g\u00e9n\u00e9ral, en maintenant une <a href=\"https:\/\/stephanedebove.net\/blog\/2018\/09\/19\/liste-de-videastes-faisant-de-la-vulgarisation-en-francais\/\">liste de vulgarisateurs scientifique<\/a>, analys\u00e9e r\u00e9guli\u00e8rement par des <a href=\"https:\/\/stephanedebove.net\/blog\/category\/youtube\/\">petits articles de blog<\/a>, et plus formellement <a href=\"https:\/\/stephanedebove.net\/blog\/2026\/01\/21\/youtube-analysis\/\">dans un article scientifique.<\/a> Je cr\u00e9e r\u00e9guli\u00e8rement des geekeries comme ce <a href=\"https:\/\/stephanedebove.net\/co2-youtube\/\">calculateur des \u00e9missions de CO2 li\u00e9es au visionnage de vid\u00e9os sur internet<\/a> (saviez-vous que \u00e7a \u00e9met moins qu\u2019on ne le croit ?).<\/p>\n<p>Ce site n&rsquo;est pas seulement l\u00e0 pour m&rsquo;\u00e9viter des trous de m\u00e9moire sur ma vie mais pour faciliter les rencontres et collaborations, donc n&rsquo;h\u00e9sitez pas \u00e0 <a title=\"Contact\" href=\"https:\/\/stephanedebove.net\/contact\/\">me contacter !<\/a><\/p>\n<p>Si vous \u00eates \u00e9tudiant\u00b7e et que vous voulez savoir comment \u00e9tudier l\u2019\u00e9volution et le comportement humain en France, j\u2019ai \u00e9crit un article sp\u00e9cifiquement l\u00e0-dessus <a href=\"https:\/\/evosapiens.net\/ou-et-comment-etudier-la-psychologie-evolutionnaire\/\">sur EvoSapiens<\/a>. Si vous \u00eates chercheur et que votre laboratoire n\u2019est pas encore recens\u00e9 sur cette m\u00eame page, n\u2019h\u00e9sitez pas \u00e0 <a href=\"https:\/\/stephanedebove.net\/contact\/\">me contacter<\/a>.<\/p>\n<p>&nbsp;<\/p>","protected":false},"excerpt":{"rendered":"<p>Je suis un tas d\u2019atomes dans l\u2019univers contr\u00f4l\u00e9 par un plus petit tas d\u2019atomes qui cherche \u00e0 se r\u00e9pliquer, mais je ne comprends pas pourquoi. C\u2019est pourquoi j\u2019ai fait une th\u00e8se en sciences cognitives \/ biologie de l\u2019\u00e9volution sur le comportement humain et que je vulgarise cette recherche sur le web, dans quelques livres et conf\u00e9rences. Je travaille avec l\u2019AFPER pour cr\u00e9er des activit\u00e9s de recherche \u00e0 r\u00e9aliser en classe, en collaboration avec des chercheurs\/chercheuses qui mettent au d\u00e9fi les \u00e9l\u00e8ves dans une petite vid\u00e9o. Je m\u2019int\u00e9resse \u00e0 l\u2019\u00e9cosyst\u00e8me de la vulgarisation scientifique sur YouTube en g\u00e9n\u00e9ral, en maintenant une liste de vulgarisateurs scientifique, analys\u00e9e r\u00e9guli\u00e8rement par des petits articles de blog, et plus formellement dans un article scientifique. Je cr\u00e9e r\u00e9guli\u00e8rement des geekeries comme ce calculateur des \u00e9missions de CO2 li\u00e9es au visionnage de vid\u00e9os sur internet (saviez-vous que \u00e7a \u00e9met moins qu\u2019on ne le croit ?). Ce site n&rsquo;est pas seulement l\u00e0 pour m&rsquo;\u00e9viter des trous de m\u00e9moire sur ma vie mais pour faciliter les rencontres et collaborations, donc n&rsquo;h\u00e9sitez pas \u00e0 me contacter ! Si vous \u00eates \u00e9tudiant\u00b7e et que vous voulez savoir comment \u00e9tudier l\u2019\u00e9volution et le comportement humain en France, j\u2019ai \u00e9crit un article sp\u00e9cifiquement l\u00e0-dessus sur EvoSapiens. Si vous \u00eates chercheur et que votre laboratoire n\u2019est pas encore recens\u00e9 sur cette m\u00eame page, n\u2019h\u00e9sitez pas \u00e0 me contacter. &nbsp;<\/p>\n","protected":false},"author":1,"featured_media":0,"parent":0,"menu_order":0,"comment_status":"closed","ping_status":"closed","template":"","meta":{"footnotes":""},"class_list":["post-27","page","type-page","status-publish","hentry"],"aioseo_notices":[],"_links":{"self":[{"href":"https:\/\/stephanedebove.net\/fr\/wp-json\/wp\/v2\/pages\/27","targetHints":{"allow":["GET"]}}],"collection":[{"href":"https:\/\/stephanedebove.net\/fr\/wp-json\/wp\/v2\/pages"}],"about":[{"href":"https:\/\/stephanedebove.net\/fr\/wp-json\/wp\/v2\/types\/page"}],"author":[{"embeddable":true,"href":"https:\/\/stephanedebove.net\/fr\/wp-json\/wp\/v2\/users\/1"}],"replies":[{"embeddable":true,"href":"https:\/\/stephanedebove.net\/fr\/wp-json\/wp\/v2\/comments?post=27"}],"version-history":[{"count":107,"href":"https:\/\/stephanedebove.net\/fr\/wp-json\/wp\/v2\/pages\/27\/revisions"}],"predecessor-version":[{"id":1277,"href":"https:\/\/stephanedebove.net\/fr\/wp-json\/wp\/v2\/pages\/27\/revisions\/1277"}],"wp:attachment":[{"href":"https:\/\/stephanedebove.net\/fr\/wp-json\/wp\/v2\/media?parent=27"}],"curies":[{"name":"wp","href":"https:\/\/api.w.org\/{rel}","templated":true}]}}