{"id":354,"date":"2016-04-10T09:27:10","date_gmt":"2016-04-10T09:27:10","guid":{"rendered":"https:\/\/stephanedebove.net\/?page_id=354"},"modified":"2026-01-20T23:46:55","modified_gmt":"2026-01-20T23:46:55","slug":"francais-homo-fabulus","status":"publish","type":"page","link":"https:\/\/stephanedebove.net\/fr\/francais-homo-fabulus\/","title":{"rendered":"EvoSapiens"},"content":{"rendered":"<p><\/p>\n<section>\n<h2>EvoSapiens<\/h2>\n<p>\n    <strong>EvoSapiens<\/strong> est un projet de vulgarisation scientifique d\u00e9di\u00e9 \u00e0<br \/>\n    l\u2019\u00e9tude interdisciplinaire du comportement humain.\n  <\/p>\n<figure id=\"attachment_1172\" aria-describedby=\"caption-attachment-1172\" style=\"width: 150px\" class=\"wp-caption alignleft\"><img loading=\"lazy\" decoding=\"async\" src=\"https:\/\/stephanedebove.net\/wp-content\/uploads\/2026\/01\/logo_ES_small-150x150.png\" alt=\"\" width=\"150\" height=\"150\" class=\"size-thumbnail wp-image-1172\" srcset=\"https:\/\/stephanedebove.net\/wp-content\/uploads\/2026\/01\/logo_ES_small-150x150.png 150w, https:\/\/stephanedebove.net\/wp-content\/uploads\/2026\/01\/logo_ES_small-300x300.png 300w, https:\/\/stephanedebove.net\/wp-content\/uploads\/2026\/01\/logo_ES_small-75x75.png 75w, https:\/\/stephanedebove.net\/wp-content\/uploads\/2026\/01\/logo_ES_small.png 478w\" sizes=\"auto, (max-width: 150px) 100vw, 150px\" \/><figcaption id=\"caption-attachment-1172\" class=\"wp-caption-text\">Le logo d\u2019EvoSapiens !<\/figcaption><\/figure>\n<p>\n    Il croise plusieurs disciplines \u2014 \u00e9thologie, neurosciences, psychologie,<br \/>\n    biologie de l\u2019\u00e9volution, sciences cognitives, philosophie&#8230; afin de mieux<br \/>\n    comprendre pourquoi nous pensons, ressentons et agissons comme nous le faisons.\n  <\/p>\n<p>\n    Le projet s\u2019exprime principalement par une <a href=\"https:\/\/www.youtube.com\/@EvoSapiensFR\">cha\u00eene Youtube<\/a>, mais vous pouvez retrouver toutes les vid\u00e9os transcrites en version texte sur <a href=\"https:\/\/evosapiens.net\">ce site web<\/a>, et suivre le projet sur tous ces r\u00e9seaux sociaux : <a href=\"https:\/\/evosapiens.net\/social\">https:\/\/evosapiens.net\/social<\/a>\n  <\/p>\n<p> Le projet est enti\u00e8rement financ\u00e9 par les dons de g\u00e9n\u00e9reux m\u00e9c\u00e8nes, alors si vous pensez que la vulgarisation de ces sujets est importante, n\u2019h\u00e9sitez pas \u00e0 <a href=\"https:\/\/evosapiens.net\/soutien\">les rejoindre<\/a> !<\/p>\n<\/section>\n<p><\/p>","protected":false},"excerpt":{"rendered":"<p>EvoSapiens EvoSapiens est un projet de vulgarisation scientifique d\u00e9di\u00e9 \u00e0 l\u2019\u00e9tude interdisciplinaire du comportement humain. Il croise plusieurs disciplines \u2014 \u00e9thologie, neurosciences, psychologie, biologie de l\u2019\u00e9volution, sciences cognitives, philosophie&#8230; afin de mieux comprendre pourquoi nous pensons, ressentons et agissons comme nous le faisons. Le projet s\u2019exprime principalement par une cha\u00eene Youtube, mais vous pouvez retrouver toutes les vid\u00e9os transcrites en version texte sur ce site web, et suivre le projet sur tous ces r\u00e9seaux sociaux : https:\/\/evosapiens.net\/social Le projet est enti\u00e8rement financ\u00e9 par les dons de g\u00e9n\u00e9reux m\u00e9c\u00e8nes, alors si vous pensez que la vulgarisation de ces sujets est importante, n\u2019h\u00e9sitez pas \u00e0 les rejoindre !<\/p>\n","protected":false},"author":1,"featured_media":0,"parent":0,"menu_order":0,"comment_status":"closed","ping_status":"closed","template":"","meta":{"footnotes":""},"class_list":["post-354","page","type-page","status-publish","hentry"],"aioseo_notices":[],"_links":{"self":[{"href":"https:\/\/stephanedebove.net\/fr\/wp-json\/wp\/v2\/pages\/354","targetHints":{"allow":["GET"]}}],"collection":[{"href":"https:\/\/stephanedebove.net\/fr\/wp-json\/wp\/v2\/pages"}],"about":[{"href":"https:\/\/stephanedebove.net\/fr\/wp-json\/wp\/v2\/types\/page"}],"author":[{"embeddable":true,"href":"https:\/\/stephanedebove.net\/fr\/wp-json\/wp\/v2\/users\/1"}],"replies":[{"embeddable":true,"href":"https:\/\/stephanedebove.net\/fr\/wp-json\/wp\/v2\/comments?post=354"}],"version-history":[{"count":19,"href":"https:\/\/stephanedebove.net\/fr\/wp-json\/wp\/v2\/pages\/354\/revisions"}],"predecessor-version":[{"id":1173,"href":"https:\/\/stephanedebove.net\/fr\/wp-json\/wp\/v2\/pages\/354\/revisions\/1173"}],"wp:attachment":[{"href":"https:\/\/stephanedebove.net\/fr\/wp-json\/wp\/v2\/media?parent=354"}],"curies":[{"name":"wp","href":"https:\/\/api.w.org\/{rel}","templated":true}]}}