{"id":368,"date":"2016-04-10T10:08:12","date_gmt":"2016-04-10T10:08:12","guid":{"rendered":"https:\/\/stephanedebove.net\/?page_id=368"},"modified":"2026-01-20T23:46:55","modified_gmt":"2026-01-20T23:46:55","slug":"shots-of-science","status":"publish","type":"page","link":"https:\/\/stephanedebove.net\/fr\/shots-of-science\/","title":{"rendered":"Shots Of Science"},"content":{"rendered":"<p>Shots Of Science a pour but de proposer chaque jour des petits bouts de science \u00e9tonnante facilement partageables, le plus souvent en image ou en vid\u00e9o, afin d&rsquo;amener \u00e0 la science des personnes qui ne s&rsquo;y seraient spontan\u00e9ment pas expos\u00e9es (pas sur les supports classiques des blogs de science en tout cas). Et cela sans compromis sur le s\u00e9rieux scientifique puisque 100% des shots sont sourc\u00e9s.<\/p>\n<p>Si le grand public est notre premier public, vous apprendrez plein de choses aussi si vous \u00eates un scientifique hardcore, alors n&rsquo;h\u00e9sitez pas \u00e0 vous abonner pour soutenir la vulgarisation francophone (h\u00e9 non y&rsquo;a pas que <em>I fucking love science<\/em> dans la vie).<\/p>\n<div class=\"fb-page\" data-href=\"https:\/\/www.facebook.com\/shotsofscience\" data-tabs=\"timeline\" data-small-header=\"false\" data-adapt-container-width=\"true\" data-hide-cover=\"false\" data-show-facepile=\"false\">\n<div class=\"fb-xfbml-parse-ignore\">\n<blockquote cite=\"https:\/\/www.facebook.com\/shotsofscience\"><p><a href=\"https:\/\/www.facebook.com\/shotsofscience\">Shots Of Science<\/a><\/p><\/blockquote>\n<\/div>\n<\/div>\n<p> <a class=\"twitter-timeline\"  href=\"https:\/\/twitter.com\/ShotsOfScience\" data-widget-id=\"719106274370199552\">Tweets de @ShotsOfScience<\/a><\/p>\n<p><\/p>","protected":false},"excerpt":{"rendered":"<p>Shots Of Science a pour but de proposer chaque jour des petits bouts de science \u00e9tonnante facilement partageables, le plus souvent en image ou en vid\u00e9o, afin d&rsquo;amener \u00e0 la science des personnes qui ne s&rsquo;y seraient spontan\u00e9ment pas expos\u00e9es (pas sur les supports classiques des blogs de science en tout cas). Et cela sans compromis sur le s\u00e9rieux scientifique puisque 100% des shots sont sourc\u00e9s. Si le grand public est notre premier public, vous apprendrez plein de choses aussi si vous \u00eates un scientifique hardcore, alors n&rsquo;h\u00e9sitez pas \u00e0 vous abonner pour soutenir la vulgarisation francophone (h\u00e9 non y&rsquo;a pas que I fucking love science dans la vie). Shots Of Science Tweets de @ShotsOfScience<\/p>\n","protected":false},"author":1,"featured_media":0,"parent":0,"menu_order":0,"comment_status":"closed","ping_status":"closed","template":"","meta":{"footnotes":""},"class_list":["post-368","page","type-page","status-publish","hentry"],"aioseo_notices":[],"_links":{"self":[{"href":"https:\/\/stephanedebove.net\/fr\/wp-json\/wp\/v2\/pages\/368","targetHints":{"allow":["GET"]}}],"collection":[{"href":"https:\/\/stephanedebove.net\/fr\/wp-json\/wp\/v2\/pages"}],"about":[{"href":"https:\/\/stephanedebove.net\/fr\/wp-json\/wp\/v2\/types\/page"}],"author":[{"embeddable":true,"href":"https:\/\/stephanedebove.net\/fr\/wp-json\/wp\/v2\/users\/1"}],"replies":[{"embeddable":true,"href":"https:\/\/stephanedebove.net\/fr\/wp-json\/wp\/v2\/comments?post=368"}],"version-history":[{"count":7,"href":"https:\/\/stephanedebove.net\/fr\/wp-json\/wp\/v2\/pages\/368\/revisions"}],"predecessor-version":[{"id":376,"href":"https:\/\/stephanedebove.net\/fr\/wp-json\/wp\/v2\/pages\/368\/revisions\/376"}],"wp:attachment":[{"href":"https:\/\/stephanedebove.net\/fr\/wp-json\/wp\/v2\/media?parent=368"}],"curies":[{"name":"wp","href":"https:\/\/api.w.org\/{rel}","templated":true}]}}