{"id":398,"date":"2017-03-03T15:49:22","date_gmt":"2017-03-03T15:49:22","guid":{"rendered":"https:\/\/stephanedebove.net\/?page_id=398"},"modified":"2017-03-03T16:34:33","modified_gmt":"2017-03-03T16:34:33","slug":"on-the-evolutionary-origins-of-equity","status":"publish","type":"page","link":"https:\/\/stephanedebove.net\/fr\/on-the-evolutionary-origins-of-equity\/","title":{"rendered":"(English) On the evolutionary origins of equity"},"content":{"rendered":"<p class=\"qtranxs-available-languages-message qtranxs-available-languages-message-fr\">D\u00e9sol\u00e9, cet article est seulement disponible en <a href=\"https:\/\/stephanedebove.net\/en\/wp-json\/wp\/v2\/pages\/398\" class=\"qtranxs-available-language-link qtranxs-available-language-link-en\" title=\"English\">English<\/a>. Pour le confort de l\u2019utilisateur, le contenu est affich\u00e9 ci-dessous dans une autre langue. Vous pouvez cliquer le lien pour changer de langue active.<\/p><p><span class=\"authors\">St\u00e9phane Debove, <a href=\"https:\/\/sites.google.com\/site\/nicolasbaumard\/\">Nicolas Baumard<\/a> and <a href=\"http:\/\/jb.homepage.free.fr\">Jean-Baptiste Andr\u00e9<\/a>.<\/span><\/p>\n<p>Forthcoming in Plos One<\/p>\n<p><strong>Abstract:<\/strong><\/p>\n<p>Equity, defined as reward according to contribution, is considered a central aspect of human fairness in both philosophical debates and scientific research. Despite large amounts of research on the evolutionary origins of fairness, the evolutionary rationale behind equity is still unknown. Here, we investigate how equity can be understood in the context of the cooperative environment in which humans evolved. We model a population of individuals who cooperate to produce and divide a resource, and choose their cooperative partners based on how they are willing to divide the resource. Agent-based simulations, an analytical model, and extended simulations using neural networks provide converging evidence that equity is the best evolutionary strategy in such an environment: individuals maximize their fitness by dividing benefits in proportion to their own and their partners&rsquo; relative contribution. The need to be chosen as a cooperative partner thus creates a selection pressure strong enough to explain the evolution of preferences for equity. We discuss the limitations of our model, the discrepancies between its predictions and empirical data, and how interindividual and intercultural variability fit within this framework.<\/p>\n<div class='w3eden'><!-- WPDM Link Template: Default Template -->\n\n<div class=\"link-template-default card mb-2\">\n    <div class=\"card-body\">\n        <div class=\"media\">\n            <div class=\"mr-3 img-48\"><img decoding=\"async\" class=\"wpdm_icon\" alt=\"Ic\u00f4ne\"   src=\"https:\/\/stephanedebove.net\/wp-content\/plugins\/download-manager\/assets\/file-type-icons\/box_download.png\" \/><\/div>\n            <div class=\"media-body\">\n                <h3 class=\"package-title\"><a href='https:\/\/stephanedebove.net\/fr\/download\/source-code-raw-data-analysis-files\/'>Source code + Raw Data + Analysis Files<\/a><\/h3>\n                <div class=\"text-muted text-small\"><i class=\"fas fa-copy\"><\/i> 1 fichier\u00b7s <i class=\"fas fa-hdd ml-3\"><\/i> 53.21 MB<\/div>\n            <\/div>\n            <div class=\"ml-3\">\n                <a class='wpdm-download-link download-on-click btn btn-primary ' rel='nofollow' href='#' data-downloadurl=\"https:\/\/stephanedebove.net\/fr\/download\/source-code-raw-data-analysis-files\/?wpdmdl=400&refresh=69efcdb94d7de1777323449\">T\u00e9l\u00e9charger<\/a>\n            <\/div>\n        <\/div>\n    <\/div>\n<\/div>\n\n<\/div>\n<p>In case the download links above do not work, data is also archived on <a href=\"https:\/\/doi.org\/10.6084\/m9.figshare.4721425.v1\">https:\/\/doi.org\/10.6084\/m9.figshare.4721425.v1<\/a>. <\/p>\n<p><strong>How to cite:<\/strong><\/p>\n<p>Debove, S., Baumard, N. and Andr\u00e9, J.-B. (2017), On the evolutionary origins of equity<\/p>","protected":false},"excerpt":{"rendered":"<p>D\u00e9sol\u00e9, cet article est seulement disponible en English. Pour le confort de l\u2019utilisateur, le contenu est affich\u00e9 ci-dessous dans une autre langue. Vous pouvez cliquer le lien pour changer de langue active.St\u00e9phane Debove, Nicolas Baumard and Jean-Baptiste Andr\u00e9. Forthcoming in Plos One Abstract: Equity, defined as reward according to contribution, is considered a central aspect of human fairness in both philosophical debates and scientific research. Despite large amounts of research on the evolutionary origins of fairness, the evolutionary rationale behind equity is still unknown. Here, we investigate how equity can be understood in the context of the cooperative environment in which humans evolved. We model a population of individuals who cooperate to produce and divide a resource, and choose their cooperative partners based on how they are willing to divide the resource. Agent-based simulations, an analytical model, and extended simulations using neural networks provide converging evidence that equity is the best evolutionary strategy in such an environment: individuals maximize their fitness by dividing benefits in proportion to their own and their partners&rsquo; relative contribution. The need to be chosen as a cooperative partner thus creates a selection pressure strong enough to explain the evolution of preferences for equity. We discuss the limitations of our model, the discrepancies between its predictions and empirical data, and how interindividual and intercultural variability fit within this framework. In case the download links above do not work, data is also archived on https:\/\/doi.org\/10.6084\/m9.figshare.4721425.v1. How to cite: Debove, S., Baumard, N. and Andr\u00e9, J.-B. (2017), On the evolutionary origins of equity<\/p>\n","protected":false},"author":1,"featured_media":0,"parent":0,"menu_order":0,"comment_status":"closed","ping_status":"closed","template":"page-fullwidth.php","meta":{"footnotes":""},"class_list":["post-398","page","type-page","status-publish","hentry"],"aioseo_notices":[],"_links":{"self":[{"href":"https:\/\/stephanedebove.net\/fr\/wp-json\/wp\/v2\/pages\/398","targetHints":{"allow":["GET"]}}],"collection":[{"href":"https:\/\/stephanedebove.net\/fr\/wp-json\/wp\/v2\/pages"}],"about":[{"href":"https:\/\/stephanedebove.net\/fr\/wp-json\/wp\/v2\/types\/page"}],"author":[{"embeddable":true,"href":"https:\/\/stephanedebove.net\/fr\/wp-json\/wp\/v2\/users\/1"}],"replies":[{"embeddable":true,"href":"https:\/\/stephanedebove.net\/fr\/wp-json\/wp\/v2\/comments?post=398"}],"version-history":[{"count":4,"href":"https:\/\/stephanedebove.net\/fr\/wp-json\/wp\/v2\/pages\/398\/revisions"}],"predecessor-version":[{"id":404,"href":"https:\/\/stephanedebove.net\/fr\/wp-json\/wp\/v2\/pages\/398\/revisions\/404"}],"wp:attachment":[{"href":"https:\/\/stephanedebove.net\/fr\/wp-json\/wp\/v2\/media?parent=398"}],"curies":[{"name":"wp","href":"https:\/\/api.w.org\/{rel}","templated":true}]}}