{"id":69,"date":"2014-12-31T16:44:50","date_gmt":"2014-12-31T16:44:50","guid":{"rendered":"https:\/\/stephanedebove.net\/?page_id=69"},"modified":"2026-01-21T00:30:37","modified_gmt":"2026-01-21T00:30:37","slug":"la-main-baladeuse","status":"publish","type":"page","link":"https:\/\/stephanedebove.net\/fr\/la-main-baladeuse\/","title":{"rendered":"La main baladeuse"},"content":{"rendered":"<p>Ce projet est actuellement en vacances prolong\u00e9es !<\/p>\n<p>\u00ab\u00a0La main baladeuse\u00a0\u00bb \u00e9tait un projet de vid\u00e9os m\u00e9langeant art et science. Le principe est de filmer un artiste en train de cr\u00e9er une de ses oeuvres et de rajouter une voix off par dessus pour parler de trucs scientifiques. Ou l\u2019inverse, des fois c\u2019est l\u2019artiste qui se plie \u00e0 la voix off.<\/p>\n<p>Voil\u00e0 quelques exemples de r\u00e9alisation, toutes les autres vid\u00e9os <a href=\"https:\/\/www.youtube.com\/@LaMainBaladeuseVideos\">sur YouTube<\/a> :<\/p>\n<p><iframe loading=\"lazy\" title=\"Comment prendre le contr\u00f4le de vos r\u00eaves - ft Manue Fleytoux - LMB #13\" width=\"960\" height=\"540\" src=\"https:\/\/www.youtube.com\/embed\/TQLBiaa_3x8?feature=oembed\" frameborder=\"0\" allow=\"accelerometer; autoplay; clipboard-write; encrypted-media; gyroscope; picture-in-picture; web-share\" referrerpolicy=\"strict-origin-when-cross-origin\" allowfullscreen><\/iframe><\/p>\n<p><iframe loading=\"lazy\" title=\"Pour qui s&#039;ennuie en cours de maths - le ruban de M\u00f6bius - LMB #16\" width=\"960\" height=\"540\" src=\"https:\/\/www.youtube.com\/embed\/T_-zPcj61Kc?feature=oembed\" frameborder=\"0\" allow=\"accelerometer; autoplay; clipboard-write; encrypted-media; gyroscope; picture-in-picture; web-share\" referrerpolicy=\"strict-origin-when-cross-origin\" allowfullscreen><\/iframe><\/p>\n<p><iframe loading=\"lazy\" title=\"Avez-vous une m\u00e9moire de poisson rouge ? - feat Linda Cerqueda - LMB #21\" width=\"960\" height=\"540\" src=\"https:\/\/www.youtube.com\/embed\/cnhd3f_Y93w?feature=oembed\" frameborder=\"0\" allow=\"accelerometer; autoplay; clipboard-write; encrypted-media; gyroscope; picture-in-picture; web-share\" referrerpolicy=\"strict-origin-when-cross-origin\" allowfullscreen><\/iframe> <\/p>\n<p><\/p>","protected":false},"excerpt":{"rendered":"<p>Ce projet est actuellement en vacances prolong\u00e9es ! \u00ab\u00a0La main baladeuse\u00a0\u00bb \u00e9tait un projet de vid\u00e9os m\u00e9langeant art et science. Le principe est de filmer un artiste en train de cr\u00e9er une de ses oeuvres et de rajouter une voix off par dessus pour parler de trucs scientifiques. Ou l\u2019inverse, des fois c\u2019est l\u2019artiste qui se plie \u00e0 la voix off. Voil\u00e0 quelques exemples de r\u00e9alisation, toutes les autres vid\u00e9os sur YouTube :<\/p>\n","protected":false},"author":1,"featured_media":0,"parent":0,"menu_order":0,"comment_status":"closed","ping_status":"closed","template":"","meta":{"footnotes":""},"class_list":["post-69","page","type-page","status-publish","hentry"],"aioseo_notices":[],"_links":{"self":[{"href":"https:\/\/stephanedebove.net\/fr\/wp-json\/wp\/v2\/pages\/69","targetHints":{"allow":["GET"]}}],"collection":[{"href":"https:\/\/stephanedebove.net\/fr\/wp-json\/wp\/v2\/pages"}],"about":[{"href":"https:\/\/stephanedebove.net\/fr\/wp-json\/wp\/v2\/types\/page"}],"author":[{"embeddable":true,"href":"https:\/\/stephanedebove.net\/fr\/wp-json\/wp\/v2\/users\/1"}],"replies":[{"embeddable":true,"href":"https:\/\/stephanedebove.net\/fr\/wp-json\/wp\/v2\/comments?post=69"}],"version-history":[{"count":9,"href":"https:\/\/stephanedebove.net\/fr\/wp-json\/wp\/v2\/pages\/69\/revisions"}],"predecessor-version":[{"id":1217,"href":"https:\/\/stephanedebove.net\/fr\/wp-json\/wp\/v2\/pages\/69\/revisions\/1217"}],"wp:attachment":[{"href":"https:\/\/stephanedebove.net\/fr\/wp-json\/wp\/v2\/media?parent=69"}],"curies":[{"name":"wp","href":"https:\/\/api.w.org\/{rel}","templated":true}]}}